{"id":30,"date":"2018-08-20T12:50:04","date_gmt":"2018-08-20T10:50:04","guid":{"rendered":"https:\/\/fpedas.uniza.sk\/~hmi-lab\/?page_id=30"},"modified":"2019-10-08T08:20:28","modified_gmt":"2019-10-08T06:20:28","slug":"o-laboratoriu","status":"publish","type":"page","link":"http:\/\/fpedas.uniza.sk\/~hmi-lab\/o-laboratoriu\/","title":{"rendered":"O laborat\u00f3riu"},"content":{"rendered":"<p>Laborat\u00f3rium je vybaven\u00e9 n\u00e1strojmi pre anal\u00fdzu interakcie \u010dlovek-stroj prostredn\u00edctvom <strong>HW technol\u00f3gi\u00ed<\/strong>:<\/p>\n<ul>\n<li>eyetracking (o\u010dn\u00e1 kamera)\n<ul>\n<li>Eye Tracking Glasses 2 Wireless Analysis<\/li>\n<li>iView X\u2122 RED500 Laptop System<\/li>\n<li>REDn Scientific System (60Hz)<\/li>\n<li>PupilLabs &#8211; Pupil Core eyetracking okuliare<\/li>\n<\/ul>\n<\/li>\n<li>Anal\u00fdzy mozgovej aktivity\n<ul>\n<li>Emotiv EEG neuroheadset<\/li>\n<li>EMOTIV Insight EEG neuroheadset<\/li>\n<li>Muse 2<\/li>\n<\/ul>\n<\/li>\n<li>Sn\u00edma\u010dov telesnej aktivity\n<ul>\n<li>telemetrick\u00fd syst\u00e9m BIOHARNESS<\/li>\n<li>sn\u00edma\u010de krvn\u00e9ho tlaku, pulzu, teploty a odporu ko\u017ee<\/li>\n<li>Mindfield eSense &#8211; meranie vodivosti ko\u017ee GSR<\/li>\n<li>Mindfield eSense &#8211; meranie frekvencie d\u00fdchania<\/li>\n<\/ul>\n<\/li>\n<\/ul>\n<p>Pre anal\u00fdzu prim\u00e1rnych \u00fadajov z\u00edskan\u00fdch z dedikovan\u00fdch HW vyu\u017e\u00edvame nasledovn\u00e9 <strong>SW technol\u00f3gie<\/strong>:<\/p>\n<ul>\n<li>SMI Scientific Center Premium edition<\/li>\n<li>SMI BeGaze<\/li>\n<li>EMOTIV Enterprise Plus Edition<\/li>\n<li>EMOTIV EPOC brain activity map<\/li>\n<li>MP36R ENTERPRISE SYSTEM<\/li>\n<li>Imotions<\/li>\n<\/ul>\n","protected":false},"excerpt":{"rendered":"<p>Laborat\u00f3rium je vybaven\u00e9 n\u00e1strojmi pre anal\u00fdzu interakcie \u010dlovek-stroj prostredn\u00edctvom HW technol\u00f3gi\u00ed: eyetracking (o\u010dn\u00e1 kamera) Eye Tracking Glasses 2 Wireless Analysis iView X\u2122 RED500 Laptop System REDn Scientific System (60Hz) PupilLabs &#8211; Pupil Core eyetracking okuliare Anal\u00fdzy mozgovej aktivity Emotiv EEG&hellip;<\/p>\n","protected":false},"author":1,"featured_media":0,"parent":0,"menu_order":0,"comment_status":"closed","ping_status":"closed","template":"","meta":{"_exactmetrics_skip_tracking":false,"_exactmetrics_sitenote_active":false,"_exactmetrics_sitenote_note":"","_exactmetrics_sitenote_category":0,"footnotes":""},"class_list":["post-30","page","type-page","status-publish","hentry"],"yoast_head":"<!-- This site is optimized with the Yoast SEO plugin v22.9 - https:\/\/yoast.com\/wordpress\/plugins\/seo\/ -->\n<title>O laborat\u00f3riu - HMI lab<\/title>\n<meta name=\"robots\" content=\"index, follow, max-snippet:-1, max-image-preview:large, max-video-preview:-1\" \/>\n<link rel=\"canonical\" href=\"https:\/\/fpedas.uniza.sk\/~hmi-lab\/o-laboratoriu\/\" class=\"yoast-seo-meta-tag\" \/>\n<meta property=\"og:locale\" content=\"sk_SK\" class=\"yoast-seo-meta-tag\" \/>\n<meta property=\"og:type\" content=\"article\" class=\"yoast-seo-meta-tag\" \/>\n<meta property=\"og:title\" content=\"O laborat\u00f3riu - HMI lab\" class=\"yoast-seo-meta-tag\" \/>\n<meta property=\"og:description\" content=\"Laborat\u00f3rium je vybaven\u00e9 n\u00e1strojmi pre anal\u00fdzu interakcie \u010dlovek-stroj prostredn\u00edctvom HW technol\u00f3gi\u00ed: eyetracking (o\u010dn\u00e1 kamera) Eye Tracking Glasses 2 Wireless Analysis iView X\u2122 RED500 Laptop System REDn Scientific System (60Hz) PupilLabs &#8211; Pupil Core eyetracking okuliare Anal\u00fdzy mozgovej aktivity Emotiv EEG&hellip;\" class=\"yoast-seo-meta-tag\" \/>\n<meta property=\"og:url\" content=\"https:\/\/fpedas.uniza.sk\/~hmi-lab\/o-laboratoriu\/\" class=\"yoast-seo-meta-tag\" \/>\n<meta property=\"og:site_name\" content=\"HMI lab\" class=\"yoast-seo-meta-tag\" \/>\n<meta property=\"article:modified_time\" content=\"2019-10-08T06:20:28+00:00\" class=\"yoast-seo-meta-tag\" \/>\n<meta name=\"twitter:card\" content=\"summary_large_image\" class=\"yoast-seo-meta-tag\" \/>\n<meta name=\"twitter:label1\" content=\"Predpokladan\u00fd \u010das \u010d\u00edtania\" class=\"yoast-seo-meta-tag\" \/>\n\t<meta name=\"twitter:data1\" content=\"1 min\u00fata\" class=\"yoast-seo-meta-tag\" \/>\n<script type=\"application\/ld+json\" class=\"yoast-schema-graph\">{\"@context\":\"https:\/\/schema.org\",\"@graph\":[{\"@type\":\"WebPage\",\"@id\":\"https:\/\/fpedas.uniza.sk\/~hmi-lab\/o-laboratoriu\/\",\"url\":\"https:\/\/fpedas.uniza.sk\/~hmi-lab\/o-laboratoriu\/\",\"name\":\"O laborat\u00f3riu - HMI lab\",\"isPartOf\":{\"@id\":\"https:\/\/fpedas.uniza.sk\/~hmi-lab\/#website\"},\"datePublished\":\"2018-08-20T10:50:04+00:00\",\"dateModified\":\"2019-10-08T06:20:28+00:00\",\"breadcrumb\":{\"@id\":\"https:\/\/fpedas.uniza.sk\/~hmi-lab\/o-laboratoriu\/#breadcrumb\"},\"inLanguage\":\"sk-SK\",\"potentialAction\":[{\"@type\":\"ReadAction\",\"target\":[\"https:\/\/fpedas.uniza.sk\/~hmi-lab\/o-laboratoriu\/\"]}]},{\"@type\":\"BreadcrumbList\",\"@id\":\"https:\/\/fpedas.uniza.sk\/~hmi-lab\/o-laboratoriu\/#breadcrumb\",\"itemListElement\":[{\"@type\":\"ListItem\",\"position\":1,\"name\":\"Home\",\"item\":\"https:\/\/fpedas.uniza.sk\/~hmi-lab\/\"},{\"@type\":\"ListItem\",\"position\":2,\"name\":\"O laborat\u00f3riu\"}]},{\"@type\":\"WebSite\",\"@id\":\"https:\/\/fpedas.uniza.sk\/~hmi-lab\/#website\",\"url\":\"https:\/\/fpedas.uniza.sk\/~hmi-lab\/\",\"name\":\"HMI lab\",\"description\":\"Human-Machine Interaction\",\"potentialAction\":[{\"@type\":\"SearchAction\",\"target\":{\"@type\":\"EntryPoint\",\"urlTemplate\":\"https:\/\/fpedas.uniza.sk\/~hmi-lab\/?s={search_term_string}\"},\"query-input\":\"required name=search_term_string\"}],\"inLanguage\":\"sk-SK\"}]}<\/script>\n<!-- \/ Yoast SEO plugin. -->","yoast_head_json":{"title":"O laborat\u00f3riu - HMI lab","robots":{"index":"index","follow":"follow","max-snippet":"max-snippet:-1","max-image-preview":"max-image-preview:large","max-video-preview":"max-video-preview:-1"},"canonical":"https:\/\/fpedas.uniza.sk\/~hmi-lab\/o-laboratoriu\/","og_locale":"sk_SK","og_type":"article","og_title":"O laborat\u00f3riu - HMI lab","og_description":"Laborat\u00f3rium je vybaven\u00e9 n\u00e1strojmi pre anal\u00fdzu interakcie \u010dlovek-stroj prostredn\u00edctvom HW technol\u00f3gi\u00ed: eyetracking (o\u010dn\u00e1 kamera) Eye Tracking Glasses 2 Wireless Analysis iView X\u2122 RED500 Laptop System REDn Scientific System (60Hz) PupilLabs &#8211; Pupil Core eyetracking okuliare Anal\u00fdzy mozgovej aktivity Emotiv EEG&hellip;","og_url":"https:\/\/fpedas.uniza.sk\/~hmi-lab\/o-laboratoriu\/","og_site_name":"HMI lab","article_modified_time":"2019-10-08T06:20:28+00:00","twitter_card":"summary_large_image","twitter_misc":{"Predpokladan\u00fd \u010das \u010d\u00edtania":"1 min\u00fata"},"schema":{"@context":"https:\/\/schema.org","@graph":[{"@type":"WebPage","@id":"https:\/\/fpedas.uniza.sk\/~hmi-lab\/o-laboratoriu\/","url":"https:\/\/fpedas.uniza.sk\/~hmi-lab\/o-laboratoriu\/","name":"O laborat\u00f3riu - HMI lab","isPartOf":{"@id":"https:\/\/fpedas.uniza.sk\/~hmi-lab\/#website"},"datePublished":"2018-08-20T10:50:04+00:00","dateModified":"2019-10-08T06:20:28+00:00","breadcrumb":{"@id":"https:\/\/fpedas.uniza.sk\/~hmi-lab\/o-laboratoriu\/#breadcrumb"},"inLanguage":"sk-SK","potentialAction":[{"@type":"ReadAction","target":["https:\/\/fpedas.uniza.sk\/~hmi-lab\/o-laboratoriu\/"]}]},{"@type":"BreadcrumbList","@id":"https:\/\/fpedas.uniza.sk\/~hmi-lab\/o-laboratoriu\/#breadcrumb","itemListElement":[{"@type":"ListItem","position":1,"name":"Home","item":"https:\/\/fpedas.uniza.sk\/~hmi-lab\/"},{"@type":"ListItem","position":2,"name":"O laborat\u00f3riu"}]},{"@type":"WebSite","@id":"https:\/\/fpedas.uniza.sk\/~hmi-lab\/#website","url":"https:\/\/fpedas.uniza.sk\/~hmi-lab\/","name":"HMI lab","description":"Human-Machine Interaction","potentialAction":[{"@type":"SearchAction","target":{"@type":"EntryPoint","urlTemplate":"https:\/\/fpedas.uniza.sk\/~hmi-lab\/?s={search_term_string}"},"query-input":"required name=search_term_string"}],"inLanguage":"sk-SK"}]}},"_links":{"self":[{"href":"http:\/\/fpedas.uniza.sk\/~hmi-lab\/wp-json\/wp\/v2\/pages\/30","targetHints":{"allow":["GET"]}}],"collection":[{"href":"http:\/\/fpedas.uniza.sk\/~hmi-lab\/wp-json\/wp\/v2\/pages"}],"about":[{"href":"http:\/\/fpedas.uniza.sk\/~hmi-lab\/wp-json\/wp\/v2\/types\/page"}],"author":[{"embeddable":true,"href":"http:\/\/fpedas.uniza.sk\/~hmi-lab\/wp-json\/wp\/v2\/users\/1"}],"replies":[{"embeddable":true,"href":"http:\/\/fpedas.uniza.sk\/~hmi-lab\/wp-json\/wp\/v2\/comments?post=30"}],"version-history":[{"count":8,"href":"http:\/\/fpedas.uniza.sk\/~hmi-lab\/wp-json\/wp\/v2\/pages\/30\/revisions"}],"predecessor-version":[{"id":262,"href":"http:\/\/fpedas.uniza.sk\/~hmi-lab\/wp-json\/wp\/v2\/pages\/30\/revisions\/262"}],"wp:attachment":[{"href":"http:\/\/fpedas.uniza.sk\/~hmi-lab\/wp-json\/wp\/v2\/media?parent=30"}],"curies":[{"name":"wp","href":"https:\/\/api.w.org\/{rel}","templated":true}]}}