{"id":33,"date":"2018-08-20T12:50:04","date_gmt":"2018-08-20T10:50:04","guid":{"rendered":"https:\/\/fpedas.uniza.sk\/~hmi-lab\/?page_id=33"},"modified":"2018-10-09T17:08:07","modified_gmt":"2018-10-09T15:08:07","slug":"moznosti-spoluprace","status":"publish","type":"page","link":"http:\/\/fpedas.uniza.sk\/~hmi-lab\/moznosti-spoluprace\/","title":{"rendered":"Mo\u017enosti spolupr\u00e1ce"},"content":{"rendered":"<p><strong>Pon\u00fakame mo\u017enos\u0165 spolupr\u00e1ce v r\u00e1mci nasledovn\u00fdch oblast\u00ed:<\/strong><\/p>\n<ul>\n<li>Anal\u00fdza vplyvu vonkaj\u0161\u00edch podmienok na \u013eudsk\u00fd faktor pri interakcii so strojom v re\u00e1lnom alebo simulovanom prostred\u00ed (reak\u010dn\u00fd \u010das, spr\u00e1vanie sa v\u00a0kr\u00edzov\u00fdch situ\u00e1ciach, a\u00a0pod.)<\/li>\n<li>Anal\u00fdza vplyvu du\u0161evn\u00e9ho stavu \u010dloveka na jeho sp\u00f4sobilos\u0165 pr\u00e1ce so strojmi a\u00a0pr\u00edstrojmi<\/li>\n<li>Anal\u00fdza dopravnej infra\u0161trukt\u00fary z\u00a0poh\u013eadu \u00fa\u010dastn\u00edka prem\u00e1vky<\/li>\n<li>Audit dopravn\u00e9ho zna\u010denia cestnej infra\u0161trukt\u00fary<\/li>\n<li>Anal\u00fdza vizu\u00e1lneho smogu (billboardov) na bezpe\u010dnos\u0165 cestnej prem\u00e1vky<\/li>\n<li>Ergon\u00f3mia dizajnu strojov a\u00a0pr\u00edstrojov (dopravn\u00fdch prostriedkov), s\u00a0ktor\u00fdmi prich\u00e1dza \u010dlovek ku styku v\u00a0procese riadenia a\u00a0manipul\u00e1cie.<\/li>\n<li>Ergon\u00f3mia pracovn\u00fdch \u010dinnost\u00ed \u010dloveka v r\u00e1mci v\u00fdrobn\u00fdch cyklov<\/li>\n<li>Strat\u00e9gia umiest\u0148ovania produktov v\u00a0obchodn\u00fdch jednotk\u00e1ch<\/li>\n<li>UX testovanie webov\u00fdch str\u00e1nok<\/li>\n<li>UX testovanie internetovej reklamy<\/li>\n<\/ul>\n","protected":false},"excerpt":{"rendered":"<p>Pon\u00fakame mo\u017enos\u0165 spolupr\u00e1ce v r\u00e1mci nasledovn\u00fdch oblast\u00ed: Anal\u00fdza vplyvu vonkaj\u0161\u00edch podmienok na \u013eudsk\u00fd faktor pri interakcii so strojom v re\u00e1lnom alebo simulovanom prostred\u00ed (reak\u010dn\u00fd \u010das, spr\u00e1vanie sa v\u00a0kr\u00edzov\u00fdch situ\u00e1ciach, a\u00a0pod.) Anal\u00fdza vplyvu du\u0161evn\u00e9ho stavu \u010dloveka na jeho sp\u00f4sobilos\u0165 pr\u00e1ce so&hellip;<\/p>\n","protected":false},"author":1,"featured_media":0,"parent":0,"menu_order":0,"comment_status":"closed","ping_status":"closed","template":"","meta":{"_exactmetrics_skip_tracking":false,"_exactmetrics_sitenote_active":false,"_exactmetrics_sitenote_note":"","_exactmetrics_sitenote_category":0,"footnotes":""},"class_list":["post-33","page","type-page","status-publish","hentry"],"yoast_head":"<!-- This site is optimized with the Yoast SEO plugin v22.9 - https:\/\/yoast.com\/wordpress\/plugins\/seo\/ -->\n<title>Mo\u017enosti spolupr\u00e1ce - HMI lab<\/title>\n<meta name=\"robots\" content=\"index, follow, max-snippet:-1, max-image-preview:large, max-video-preview:-1\" \/>\n<link rel=\"canonical\" href=\"https:\/\/fpedas.uniza.sk\/~hmi-lab\/moznosti-spoluprace\/\" class=\"yoast-seo-meta-tag\" \/>\n<meta property=\"og:locale\" content=\"sk_SK\" class=\"yoast-seo-meta-tag\" \/>\n<meta property=\"og:type\" content=\"article\" class=\"yoast-seo-meta-tag\" \/>\n<meta property=\"og:title\" content=\"Mo\u017enosti spolupr\u00e1ce - HMI lab\" class=\"yoast-seo-meta-tag\" \/>\n<meta property=\"og:description\" content=\"Pon\u00fakame mo\u017enos\u0165 spolupr\u00e1ce v r\u00e1mci nasledovn\u00fdch oblast\u00ed: Anal\u00fdza vplyvu vonkaj\u0161\u00edch podmienok na \u013eudsk\u00fd faktor pri interakcii so strojom v re\u00e1lnom alebo simulovanom prostred\u00ed (reak\u010dn\u00fd \u010das, spr\u00e1vanie sa v\u00a0kr\u00edzov\u00fdch situ\u00e1ciach, a\u00a0pod.) Anal\u00fdza vplyvu du\u0161evn\u00e9ho stavu \u010dloveka na jeho sp\u00f4sobilos\u0165 pr\u00e1ce so&hellip;\" class=\"yoast-seo-meta-tag\" \/>\n<meta property=\"og:url\" content=\"https:\/\/fpedas.uniza.sk\/~hmi-lab\/moznosti-spoluprace\/\" class=\"yoast-seo-meta-tag\" \/>\n<meta property=\"og:site_name\" content=\"HMI lab\" class=\"yoast-seo-meta-tag\" \/>\n<meta property=\"article:modified_time\" content=\"2018-10-09T15:08:07+00:00\" class=\"yoast-seo-meta-tag\" \/>\n<meta name=\"twitter:card\" content=\"summary_large_image\" class=\"yoast-seo-meta-tag\" \/>\n<meta name=\"twitter:label1\" content=\"Predpokladan\u00fd \u010das \u010d\u00edtania\" class=\"yoast-seo-meta-tag\" \/>\n\t<meta name=\"twitter:data1\" content=\"1 min\u00fata\" class=\"yoast-seo-meta-tag\" \/>\n<script type=\"application\/ld+json\" class=\"yoast-schema-graph\">{\"@context\":\"https:\/\/schema.org\",\"@graph\":[{\"@type\":\"WebPage\",\"@id\":\"https:\/\/fpedas.uniza.sk\/~hmi-lab\/moznosti-spoluprace\/\",\"url\":\"https:\/\/fpedas.uniza.sk\/~hmi-lab\/moznosti-spoluprace\/\",\"name\":\"Mo\u017enosti spolupr\u00e1ce - HMI lab\",\"isPartOf\":{\"@id\":\"https:\/\/fpedas.uniza.sk\/~hmi-lab\/#website\"},\"datePublished\":\"2018-08-20T10:50:04+00:00\",\"dateModified\":\"2018-10-09T15:08:07+00:00\",\"breadcrumb\":{\"@id\":\"https:\/\/fpedas.uniza.sk\/~hmi-lab\/moznosti-spoluprace\/#breadcrumb\"},\"inLanguage\":\"sk-SK\",\"potentialAction\":[{\"@type\":\"ReadAction\",\"target\":[\"https:\/\/fpedas.uniza.sk\/~hmi-lab\/moznosti-spoluprace\/\"]}]},{\"@type\":\"BreadcrumbList\",\"@id\":\"https:\/\/fpedas.uniza.sk\/~hmi-lab\/moznosti-spoluprace\/#breadcrumb\",\"itemListElement\":[{\"@type\":\"ListItem\",\"position\":1,\"name\":\"Home\",\"item\":\"https:\/\/fpedas.uniza.sk\/~hmi-lab\/\"},{\"@type\":\"ListItem\",\"position\":2,\"name\":\"Mo\u017enosti spolupr\u00e1ce\"}]},{\"@type\":\"WebSite\",\"@id\":\"https:\/\/fpedas.uniza.sk\/~hmi-lab\/#website\",\"url\":\"https:\/\/fpedas.uniza.sk\/~hmi-lab\/\",\"name\":\"HMI lab\",\"description\":\"Human-Machine Interaction\",\"potentialAction\":[{\"@type\":\"SearchAction\",\"target\":{\"@type\":\"EntryPoint\",\"urlTemplate\":\"https:\/\/fpedas.uniza.sk\/~hmi-lab\/?s={search_term_string}\"},\"query-input\":\"required name=search_term_string\"}],\"inLanguage\":\"sk-SK\"}]}<\/script>\n<!-- \/ Yoast SEO plugin. -->","yoast_head_json":{"title":"Mo\u017enosti spolupr\u00e1ce - HMI lab","robots":{"index":"index","follow":"follow","max-snippet":"max-snippet:-1","max-image-preview":"max-image-preview:large","max-video-preview":"max-video-preview:-1"},"canonical":"https:\/\/fpedas.uniza.sk\/~hmi-lab\/moznosti-spoluprace\/","og_locale":"sk_SK","og_type":"article","og_title":"Mo\u017enosti spolupr\u00e1ce - HMI lab","og_description":"Pon\u00fakame mo\u017enos\u0165 spolupr\u00e1ce v r\u00e1mci nasledovn\u00fdch oblast\u00ed: Anal\u00fdza vplyvu vonkaj\u0161\u00edch podmienok na \u013eudsk\u00fd faktor pri interakcii so strojom v re\u00e1lnom alebo simulovanom prostred\u00ed (reak\u010dn\u00fd \u010das, spr\u00e1vanie sa v\u00a0kr\u00edzov\u00fdch situ\u00e1ciach, a\u00a0pod.) Anal\u00fdza vplyvu du\u0161evn\u00e9ho stavu \u010dloveka na jeho sp\u00f4sobilos\u0165 pr\u00e1ce so&hellip;","og_url":"https:\/\/fpedas.uniza.sk\/~hmi-lab\/moznosti-spoluprace\/","og_site_name":"HMI lab","article_modified_time":"2018-10-09T15:08:07+00:00","twitter_card":"summary_large_image","twitter_misc":{"Predpokladan\u00fd \u010das \u010d\u00edtania":"1 min\u00fata"},"schema":{"@context":"https:\/\/schema.org","@graph":[{"@type":"WebPage","@id":"https:\/\/fpedas.uniza.sk\/~hmi-lab\/moznosti-spoluprace\/","url":"https:\/\/fpedas.uniza.sk\/~hmi-lab\/moznosti-spoluprace\/","name":"Mo\u017enosti spolupr\u00e1ce - HMI lab","isPartOf":{"@id":"https:\/\/fpedas.uniza.sk\/~hmi-lab\/#website"},"datePublished":"2018-08-20T10:50:04+00:00","dateModified":"2018-10-09T15:08:07+00:00","breadcrumb":{"@id":"https:\/\/fpedas.uniza.sk\/~hmi-lab\/moznosti-spoluprace\/#breadcrumb"},"inLanguage":"sk-SK","potentialAction":[{"@type":"ReadAction","target":["https:\/\/fpedas.uniza.sk\/~hmi-lab\/moznosti-spoluprace\/"]}]},{"@type":"BreadcrumbList","@id":"https:\/\/fpedas.uniza.sk\/~hmi-lab\/moznosti-spoluprace\/#breadcrumb","itemListElement":[{"@type":"ListItem","position":1,"name":"Home","item":"https:\/\/fpedas.uniza.sk\/~hmi-lab\/"},{"@type":"ListItem","position":2,"name":"Mo\u017enosti spolupr\u00e1ce"}]},{"@type":"WebSite","@id":"https:\/\/fpedas.uniza.sk\/~hmi-lab\/#website","url":"https:\/\/fpedas.uniza.sk\/~hmi-lab\/","name":"HMI lab","description":"Human-Machine Interaction","potentialAction":[{"@type":"SearchAction","target":{"@type":"EntryPoint","urlTemplate":"https:\/\/fpedas.uniza.sk\/~hmi-lab\/?s={search_term_string}"},"query-input":"required name=search_term_string"}],"inLanguage":"sk-SK"}]}},"_links":{"self":[{"href":"http:\/\/fpedas.uniza.sk\/~hmi-lab\/wp-json\/wp\/v2\/pages\/33","targetHints":{"allow":["GET"]}}],"collection":[{"href":"http:\/\/fpedas.uniza.sk\/~hmi-lab\/wp-json\/wp\/v2\/pages"}],"about":[{"href":"http:\/\/fpedas.uniza.sk\/~hmi-lab\/wp-json\/wp\/v2\/types\/page"}],"author":[{"embeddable":true,"href":"http:\/\/fpedas.uniza.sk\/~hmi-lab\/wp-json\/wp\/v2\/users\/1"}],"replies":[{"embeddable":true,"href":"http:\/\/fpedas.uniza.sk\/~hmi-lab\/wp-json\/wp\/v2\/comments?post=33"}],"version-history":[{"count":5,"href":"http:\/\/fpedas.uniza.sk\/~hmi-lab\/wp-json\/wp\/v2\/pages\/33\/revisions"}],"predecessor-version":[{"id":147,"href":"http:\/\/fpedas.uniza.sk\/~hmi-lab\/wp-json\/wp\/v2\/pages\/33\/revisions\/147"}],"wp:attachment":[{"href":"http:\/\/fpedas.uniza.sk\/~hmi-lab\/wp-json\/wp\/v2\/media?parent=33"}],"curies":[{"name":"wp","href":"https:\/\/api.w.org\/{rel}","templated":true}]}}