{"id":57,"date":"2018-09-17T10:31:24","date_gmt":"2018-09-17T08:31:24","guid":{"rendered":"https:\/\/fpedas.uniza.sk\/~hmi-lab\/?page_id=57"},"modified":"2018-10-09T08:37:08","modified_gmt":"2018-10-09T06:37:08","slug":"kontakt","status":"publish","type":"page","link":"http:\/\/fpedas.uniza.sk\/~hmi-lab\/kontakt\/","title":{"rendered":"Kontakt"},"content":{"rendered":"<p><strong>V\u00fdskumn\u00fd t\u00fdm:<\/strong><\/p>\n<p>prof. Ing. Radovan Madle\u0148\u00e1k, PhD. (ved\u00faci laborat\u00f3ria)<\/p>\n<p>Ing. Juraj Fabu\u0161, PhD.<\/p>\n<p>Ing. Ji\u0159\u00ed Tengler, PhD.<\/p>\n<p>Ing. Em\u00edlia Madudov\u00e1, PhD.<\/p>\n<p>Ing. Martin Hud\u00e1k, PhD. (ukon\u010den\u00e1 spolupr\u00e1ca 2017)<\/p>\n<p>Ing. Eva Kianai\u010dkov\u00e1, PhD. (ukon\u010den\u00e1 spolupr\u00e1ca 2016)<\/p>\n<p>&nbsp;<\/p>\n<p><strong>Kontakt:<\/strong><\/p>\n<p>tel: +421\/41\/5133124<\/p>\n<p>email: radovan.madlenak@fpedas.uniza.sk<\/p>\n","protected":false},"excerpt":{"rendered":"<p>V\u00fdskumn\u00fd t\u00fdm: prof. Ing. Radovan Madle\u0148\u00e1k, PhD. (ved\u00faci laborat\u00f3ria) Ing. Juraj Fabu\u0161, PhD. Ing. Ji\u0159\u00ed Tengler, PhD. Ing. Em\u00edlia Madudov\u00e1, PhD. Ing. Martin Hud\u00e1k, PhD. (ukon\u010den\u00e1 spolupr\u00e1ca 2017) Ing. Eva Kianai\u010dkov\u00e1, PhD. (ukon\u010den\u00e1 spolupr\u00e1ca 2016) &nbsp; Kontakt: tel: +421\/41\/5133124 email:&hellip;<\/p>\n","protected":false},"author":1,"featured_media":0,"parent":0,"menu_order":0,"comment_status":"closed","ping_status":"closed","template":"","meta":{"_exactmetrics_skip_tracking":false,"_exactmetrics_sitenote_active":false,"_exactmetrics_sitenote_note":"","_exactmetrics_sitenote_category":0,"footnotes":""},"class_list":["post-57","page","type-page","status-publish","hentry"],"yoast_head":"<!-- This site is optimized with the Yoast SEO plugin v22.9 - https:\/\/yoast.com\/wordpress\/plugins\/seo\/ -->\n<title>Kontakt - HMI lab<\/title>\n<meta name=\"robots\" content=\"index, follow, max-snippet:-1, max-image-preview:large, max-video-preview:-1\" \/>\n<link rel=\"canonical\" href=\"https:\/\/fpedas.uniza.sk\/~hmi-lab\/kontakt\/\" class=\"yoast-seo-meta-tag\" \/>\n<meta property=\"og:locale\" content=\"sk_SK\" class=\"yoast-seo-meta-tag\" \/>\n<meta property=\"og:type\" content=\"article\" class=\"yoast-seo-meta-tag\" \/>\n<meta property=\"og:title\" content=\"Kontakt - HMI lab\" class=\"yoast-seo-meta-tag\" \/>\n<meta property=\"og:description\" content=\"V\u00fdskumn\u00fd t\u00fdm: prof. Ing. Radovan Madle\u0148\u00e1k, PhD. (ved\u00faci laborat\u00f3ria) Ing. Juraj Fabu\u0161, PhD. Ing. Ji\u0159\u00ed Tengler, PhD. Ing. Em\u00edlia Madudov\u00e1, PhD. Ing. Martin Hud\u00e1k, PhD. (ukon\u010den\u00e1 spolupr\u00e1ca 2017) Ing. Eva Kianai\u010dkov\u00e1, PhD. (ukon\u010den\u00e1 spolupr\u00e1ca 2016) &nbsp; Kontakt: tel: +421\/41\/5133124 email:&hellip;\" class=\"yoast-seo-meta-tag\" \/>\n<meta property=\"og:url\" content=\"https:\/\/fpedas.uniza.sk\/~hmi-lab\/kontakt\/\" class=\"yoast-seo-meta-tag\" \/>\n<meta property=\"og:site_name\" content=\"HMI lab\" class=\"yoast-seo-meta-tag\" \/>\n<meta property=\"article:modified_time\" content=\"2018-10-09T06:37:08+00:00\" class=\"yoast-seo-meta-tag\" \/>\n<meta name=\"twitter:card\" content=\"summary_large_image\" class=\"yoast-seo-meta-tag\" \/>\n<script type=\"application\/ld+json\" class=\"yoast-schema-graph\">{\"@context\":\"https:\/\/schema.org\",\"@graph\":[{\"@type\":\"WebPage\",\"@id\":\"https:\/\/fpedas.uniza.sk\/~hmi-lab\/kontakt\/\",\"url\":\"https:\/\/fpedas.uniza.sk\/~hmi-lab\/kontakt\/\",\"name\":\"Kontakt - HMI lab\",\"isPartOf\":{\"@id\":\"https:\/\/fpedas.uniza.sk\/~hmi-lab\/#website\"},\"datePublished\":\"2018-09-17T08:31:24+00:00\",\"dateModified\":\"2018-10-09T06:37:08+00:00\",\"breadcrumb\":{\"@id\":\"https:\/\/fpedas.uniza.sk\/~hmi-lab\/kontakt\/#breadcrumb\"},\"inLanguage\":\"sk-SK\",\"potentialAction\":[{\"@type\":\"ReadAction\",\"target\":[\"https:\/\/fpedas.uniza.sk\/~hmi-lab\/kontakt\/\"]}]},{\"@type\":\"BreadcrumbList\",\"@id\":\"https:\/\/fpedas.uniza.sk\/~hmi-lab\/kontakt\/#breadcrumb\",\"itemListElement\":[{\"@type\":\"ListItem\",\"position\":1,\"name\":\"Home\",\"item\":\"https:\/\/fpedas.uniza.sk\/~hmi-lab\/\"},{\"@type\":\"ListItem\",\"position\":2,\"name\":\"Kontakt\"}]},{\"@type\":\"WebSite\",\"@id\":\"https:\/\/fpedas.uniza.sk\/~hmi-lab\/#website\",\"url\":\"https:\/\/fpedas.uniza.sk\/~hmi-lab\/\",\"name\":\"HMI lab\",\"description\":\"Human-Machine Interaction\",\"potentialAction\":[{\"@type\":\"SearchAction\",\"target\":{\"@type\":\"EntryPoint\",\"urlTemplate\":\"https:\/\/fpedas.uniza.sk\/~hmi-lab\/?s={search_term_string}\"},\"query-input\":\"required name=search_term_string\"}],\"inLanguage\":\"sk-SK\"}]}<\/script>\n<!-- \/ Yoast SEO plugin. -->","yoast_head_json":{"title":"Kontakt - HMI lab","robots":{"index":"index","follow":"follow","max-snippet":"max-snippet:-1","max-image-preview":"max-image-preview:large","max-video-preview":"max-video-preview:-1"},"canonical":"https:\/\/fpedas.uniza.sk\/~hmi-lab\/kontakt\/","og_locale":"sk_SK","og_type":"article","og_title":"Kontakt - HMI lab","og_description":"V\u00fdskumn\u00fd t\u00fdm: prof. Ing. Radovan Madle\u0148\u00e1k, PhD. (ved\u00faci laborat\u00f3ria) Ing. Juraj Fabu\u0161, PhD. Ing. Ji\u0159\u00ed Tengler, PhD. Ing. Em\u00edlia Madudov\u00e1, PhD. Ing. Martin Hud\u00e1k, PhD. (ukon\u010den\u00e1 spolupr\u00e1ca 2017) Ing. Eva Kianai\u010dkov\u00e1, PhD. (ukon\u010den\u00e1 spolupr\u00e1ca 2016) &nbsp; Kontakt: tel: +421\/41\/5133124 email:&hellip;","og_url":"https:\/\/fpedas.uniza.sk\/~hmi-lab\/kontakt\/","og_site_name":"HMI lab","article_modified_time":"2018-10-09T06:37:08+00:00","twitter_card":"summary_large_image","schema":{"@context":"https:\/\/schema.org","@graph":[{"@type":"WebPage","@id":"https:\/\/fpedas.uniza.sk\/~hmi-lab\/kontakt\/","url":"https:\/\/fpedas.uniza.sk\/~hmi-lab\/kontakt\/","name":"Kontakt - HMI lab","isPartOf":{"@id":"https:\/\/fpedas.uniza.sk\/~hmi-lab\/#website"},"datePublished":"2018-09-17T08:31:24+00:00","dateModified":"2018-10-09T06:37:08+00:00","breadcrumb":{"@id":"https:\/\/fpedas.uniza.sk\/~hmi-lab\/kontakt\/#breadcrumb"},"inLanguage":"sk-SK","potentialAction":[{"@type":"ReadAction","target":["https:\/\/fpedas.uniza.sk\/~hmi-lab\/kontakt\/"]}]},{"@type":"BreadcrumbList","@id":"https:\/\/fpedas.uniza.sk\/~hmi-lab\/kontakt\/#breadcrumb","itemListElement":[{"@type":"ListItem","position":1,"name":"Home","item":"https:\/\/fpedas.uniza.sk\/~hmi-lab\/"},{"@type":"ListItem","position":2,"name":"Kontakt"}]},{"@type":"WebSite","@id":"https:\/\/fpedas.uniza.sk\/~hmi-lab\/#website","url":"https:\/\/fpedas.uniza.sk\/~hmi-lab\/","name":"HMI lab","description":"Human-Machine Interaction","potentialAction":[{"@type":"SearchAction","target":{"@type":"EntryPoint","urlTemplate":"https:\/\/fpedas.uniza.sk\/~hmi-lab\/?s={search_term_string}"},"query-input":"required name=search_term_string"}],"inLanguage":"sk-SK"}]}},"_links":{"self":[{"href":"http:\/\/fpedas.uniza.sk\/~hmi-lab\/wp-json\/wp\/v2\/pages\/57","targetHints":{"allow":["GET"]}}],"collection":[{"href":"http:\/\/fpedas.uniza.sk\/~hmi-lab\/wp-json\/wp\/v2\/pages"}],"about":[{"href":"http:\/\/fpedas.uniza.sk\/~hmi-lab\/wp-json\/wp\/v2\/types\/page"}],"author":[{"embeddable":true,"href":"http:\/\/fpedas.uniza.sk\/~hmi-lab\/wp-json\/wp\/v2\/users\/1"}],"replies":[{"embeddable":true,"href":"http:\/\/fpedas.uniza.sk\/~hmi-lab\/wp-json\/wp\/v2\/comments?post=57"}],"version-history":[{"count":7,"href":"http:\/\/fpedas.uniza.sk\/~hmi-lab\/wp-json\/wp\/v2\/pages\/57\/revisions"}],"predecessor-version":[{"id":105,"href":"http:\/\/fpedas.uniza.sk\/~hmi-lab\/wp-json\/wp\/v2\/pages\/57\/revisions\/105"}],"wp:attachment":[{"href":"http:\/\/fpedas.uniza.sk\/~hmi-lab\/wp-json\/wp\/v2\/media?parent=57"}],"curies":[{"name":"wp","href":"https:\/\/api.w.org\/{rel}","templated":true}]}}