{"id":62,"date":"2018-09-17T10:33:10","date_gmt":"2018-09-17T08:33:10","guid":{"rendered":"https:\/\/fpedas.uniza.sk\/~hmi-lab\/?page_id=62"},"modified":"2021-11-03T17:50:18","modified_gmt":"2021-11-03T16:50:18","slug":"hmi-galeria","status":"publish","type":"page","link":"http:\/\/fpedas.uniza.sk\/~hmi-lab\/hmi-galeria\/","title":{"rendered":"Gal\u00e9ria"},"content":{"rendered":"<!--[if lt IE 9]><script>document.createElement('video');<\/script><![endif]-->\n\t<div class=\"wp-playlist wp-video-playlist wp-playlist-light\">\n\t\t<video controls=\"controls\" preload=\"none\" width=\"618\"\n\t\t height=\"464\"\t><\/video>\n\t<div class=\"wp-playlist-next\"><\/div>\n\t<div class=\"wp-playlist-prev\"><\/div>\n\t<noscript>\n\t<ol>\n\t\t<li><a href='http:\/\/fpedas.uniza.sk\/~hmi-lab\/wp-content\/uploads\/2019\/10\/SIM-Materna1_x264.mp4'>Leteck\u00fd simul\u00e1tor - simul\u00e1cia letu (eyetracking)<\/a><\/li><li><a href='http:\/\/fpedas.uniza.sk\/~hmi-lab\/wp-content\/uploads\/2019\/10\/TV-reklama-a-EEG_x264_mpeg4.mp4'>Meranie vplyvu TV reklamy na div\u00e1ka (eyetracking + EEG)<\/a><\/li><li><a href='http:\/\/fpedas.uniza.sk\/~hmi-lab\/wp-content\/uploads\/2019\/10\/Zilina-car_x264_mpeg4.mp4'>Interakcia vodi\u010d - chodec (eyetracking) \u017dilina<\/a><\/li><li><a href='http:\/\/fpedas.uniza.sk\/~hmi-lab\/wp-content\/uploads\/2019\/10\/ru\u0161\u0148ovodi\u010d_x264_mpeg4.mp4'>Ru\u0161\u0148ovodi\u010d v re\u00e1lnej prev\u00e1dzke (eyetracking)<\/a><\/li><li><a href='http:\/\/fpedas.uniza.sk\/~hmi-lab\/wp-content\/uploads\/2019\/10\/Vilnius-car_x264_001_mpeg4.mp4'>Interakcia vodi\u010d - chodec (eyetracking) Vilnius<\/a><\/li><li><a href='http:\/\/fpedas.uniza.sk\/~hmi-lab\/wp-content\/uploads\/2019\/10\/Vizu\u00e1lny-smog_x264_mpeg4.mp4'>Vizu\u00e1lny smog (eyetracking) - \u017dilina - Stre\u010dno<\/a><\/li><li><a href='http:\/\/fpedas.uniza.sk\/~hmi-lab\/wp-content\/uploads\/2019\/10\/kros-UX-test_x264.mp4'>UX testovanie webovej str\u00e1nky kros.sk (eyetracking)<\/a><\/li><li><a href='http:\/\/fpedas.uniza.sk\/~hmi-lab\/wp-content\/uploads\/2019\/10\/SimRACE_x264_001.mp4'>Jazda na simul\u00e1tore SimRACE (eyetracking)<\/a><\/li><li><a href='http:\/\/fpedas.uniza.sk\/~hmi-lab\/wp-content\/uploads\/2019\/10\/eshop_x264.mp4'>Testovanie n\u00e1kupn\u00e9ho procesu v eshope (eyetracking)<\/a><\/li><li><a href='http:\/\/fpedas.uniza.sk\/~hmi-lab\/wp-content\/uploads\/2019\/10\/Nemzslis-zaplatis_x264.mp4'>Vplyv reklamy zameranej na bezpe\u010dnos\u0165 cestnej dopravy na div\u00e1ka - (eyetracking)<\/a><\/li><li><a href='http:\/\/fpedas.uniza.sk\/~hmi-lab\/wp-content\/uploads\/2019\/10\/Jazda-v-noci_x264_mpeg4.mp4'>Dopravn\u00e9 zna\u010denia po\u010das no\u010dnej jazdy (eyetracking)<\/a><\/li><li><a href='http:\/\/fpedas.uniza.sk\/~hmi-lab\/wp-content\/uploads\/2019\/10\/Simul\u00e1tor-n\u00e1kladn\u00e9-vozidlo_x264.mp4'>Vplyv pou\u017e\u00edvania mobiln\u00e9ho telef\u00f3nu a GPS navig\u00e1cie na vodi\u010da (eyetracking)<\/a><\/li><li><a href='http:\/\/fpedas.uniza.sk\/~hmi-lab\/wp-content\/uploads\/2019\/10\/student_x264.mp4'>Zna\u010dky a ich vplyv na \u010dloveka (eyetracking)<\/a><\/li><li><a href='http:\/\/fpedas.uniza.sk\/~hmi-lab\/wp-content\/uploads\/2019\/10\/Po-com-muzi-tuzia_x264.mp4'>Po \u010dom mu\u017ei t\u00fa\u017eia - v\u00fdber dar\u010deka na Vianoce (eyetracking)<\/a><\/li><li><a href='http:\/\/fpedas.uniza.sk\/~hmi-lab\/wp-content\/uploads\/2019\/10\/deti-superhrdinovia_x264.mp4'>Superhrdinovia a ich vplyv na deti (eyetracking)<\/a><\/li><li><a href='http:\/\/fpedas.uniza.sk\/~hmi-lab\/wp-content\/uploads\/2019\/10\/test-pozornosti_x264_001.mp4'>Test pozornosti (eyetracking)<\/a><\/li><li><a href='http:\/\/fpedas.uniza.sk\/~hmi-lab\/wp-content\/uploads\/2019\/10\/Vplyv-hudby-na-nakupne-spravanie_x264.mp4'>Vplyv hudby na n\u00e1kupn\u00e9 spr\u00e1vanie (EEG + eyetracking)<\/a><\/li><li><a href='http:\/\/fpedas.uniza.sk\/~hmi-lab\/wp-content\/uploads\/2019\/10\/A-B-testovanie_x264.mp4'>A-B testovanie reklamy (eyetracking)<\/a><\/li><li><a href='http:\/\/fpedas.uniza.sk\/~hmi-lab\/wp-content\/uploads\/2019\/10\/email_x264.mp4'>Testovanie dizajnu emailovej spr\u00e1vy (eyetracking)<\/a><\/li><li><a href='http:\/\/fpedas.uniza.sk\/~hmi-lab\/wp-content\/uploads\/2019\/10\/reklama_x264.mp4'>Testovanie TV reklamy (eyetracking)<\/a><\/li><li><a href='http:\/\/fpedas.uniza.sk\/~hmi-lab\/wp-content\/uploads\/2019\/10\/Leteck\u00fd-simul\u00e1tor_x264.mp4'>Testovanie na leteckom simul\u00e1tore \u2013 prist\u00e1tie (eyetracking)<\/a><\/li>\t<\/ol>\n\t<\/noscript>\n\t<script type=\"application\/json\" class=\"wp-playlist-script\">{\"type\":\"video\",\"tracklist\":true,\"tracknumbers\":true,\"images\":true,\"artists\":true,\"tracks\":[{\"src\":\"http:\\\/\\\/fpedas.uniza.sk\\\/~hmi-lab\\\/wp-content\\\/uploads\\\/2019\\\/10\\\/SIM-Materna1_x264.mp4\",\"type\":\"video\\\/mp4\",\"title\":\"Leteck\\u00fd simul\\u00e1tor - simul\\u00e1cia letu (eyetracking)\",\"caption\":\"\",\"description\":\"\",\"meta\":{\"length_formatted\":\"0:30\"},\"dimensions\":{\"original\":{\"width\":320,\"height\":240},\"resized\":{\"width\":618,\"height\":464}},\"image\":{\"src\":\"http:\\\/\\\/fpedas.uniza.sk\\\/~hmi-lab\\\/wp-includes\\\/images\\\/media\\\/video.svg\",\"width\":48,\"height\":64},\"thumb\":{\"src\":\"http:\\\/\\\/fpedas.uniza.sk\\\/~hmi-lab\\\/wp-includes\\\/images\\\/media\\\/video.svg\",\"width\":48,\"height\":64}},{\"src\":\"http:\\\/\\\/fpedas.uniza.sk\\\/~hmi-lab\\\/wp-content\\\/uploads\\\/2019\\\/10\\\/TV-reklama-a-EEG_x264_mpeg4.mp4\",\"type\":\"video\\\/mp4\",\"title\":\"Meranie vplyvu TV reklamy na div\\u00e1ka (eyetracking + EEG)\",\"caption\":\"\",\"description\":\"\",\"meta\":{\"length_formatted\":\"3:02\"},\"dimensions\":{\"original\":{\"width\":320,\"height\":240},\"resized\":{\"width\":618,\"height\":464}},\"image\":{\"src\":\"http:\\\/\\\/fpedas.uniza.sk\\\/~hmi-lab\\\/wp-includes\\\/images\\\/media\\\/video.svg\",\"width\":48,\"height\":64},\"thumb\":{\"src\":\"http:\\\/\\\/fpedas.uniza.sk\\\/~hmi-lab\\\/wp-includes\\\/images\\\/media\\\/video.svg\",\"width\":48,\"height\":64}},{\"src\":\"http:\\\/\\\/fpedas.uniza.sk\\\/~hmi-lab\\\/wp-content\\\/uploads\\\/2019\\\/10\\\/Zilina-car_x264_mpeg4.mp4\",\"type\":\"video\\\/mp4\",\"title\":\"Interakcia vodi\\u010d - chodec (eyetracking) \\u017dilina\",\"caption\":\"\",\"description\":\"\",\"meta\":{\"length_formatted\":\"3:00\"},\"dimensions\":{\"original\":{\"width\":320,\"height\":240},\"resized\":{\"width\":618,\"height\":464}},\"image\":{\"src\":\"http:\\\/\\\/fpedas.uniza.sk\\\/~hmi-lab\\\/wp-includes\\\/images\\\/media\\\/video.svg\",\"width\":48,\"height\":64},\"thumb\":{\"src\":\"http:\\\/\\\/fpedas.uniza.sk\\\/~hmi-lab\\\/wp-includes\\\/images\\\/media\\\/video.svg\",\"width\":48,\"height\":64}},{\"src\":\"http:\\\/\\\/fpedas.uniza.sk\\\/~hmi-lab\\\/wp-content\\\/uploads\\\/2019\\\/10\\\/ru\\u0161\\u0148ovodi\\u010d_x264_mpeg4.mp4\",\"type\":\"video\\\/mp4\",\"title\":\"Ru\\u0161\\u0148ovodi\\u010d v re\\u00e1lnej prev\\u00e1dzke (eyetracking)\",\"caption\":\"\",\"description\":\"\",\"meta\":{\"length_formatted\":\"3:18\"},\"dimensions\":{\"original\":{\"width\":320,\"height\":240},\"resized\":{\"width\":618,\"height\":464}},\"image\":{\"src\":\"http:\\\/\\\/fpedas.uniza.sk\\\/~hmi-lab\\\/wp-includes\\\/images\\\/media\\\/video.svg\",\"width\":48,\"height\":64},\"thumb\":{\"src\":\"http:\\\/\\\/fpedas.uniza.sk\\\/~hmi-lab\\\/wp-includes\\\/images\\\/media\\\/video.svg\",\"width\":48,\"height\":64}},{\"src\":\"http:\\\/\\\/fpedas.uniza.sk\\\/~hmi-lab\\\/wp-content\\\/uploads\\\/2019\\\/10\\\/Vilnius-car_x264_001_mpeg4.mp4\",\"type\":\"video\\\/mp4\",\"title\":\"Interakcia vodi\\u010d - chodec (eyetracking) Vilnius\",\"caption\":\"\",\"description\":\"\",\"meta\":{\"length_formatted\":\"3:26\"},\"dimensions\":{\"original\":{\"width\":320,\"height\":240},\"resized\":{\"width\":618,\"height\":464}},\"image\":{\"src\":\"http:\\\/\\\/fpedas.uniza.sk\\\/~hmi-lab\\\/wp-includes\\\/images\\\/media\\\/video.svg\",\"width\":48,\"height\":64},\"thumb\":{\"src\":\"http:\\\/\\\/fpedas.uniza.sk\\\/~hmi-lab\\\/wp-includes\\\/images\\\/media\\\/video.svg\",\"width\":48,\"height\":64}},{\"src\":\"http:\\\/\\\/fpedas.uniza.sk\\\/~hmi-lab\\\/wp-content\\\/uploads\\\/2019\\\/10\\\/Vizu\\u00e1lny-smog_x264_mpeg4.mp4\",\"type\":\"video\\\/mp4\",\"title\":\"Vizu\\u00e1lny smog (eyetracking) - \\u017dilina - Stre\\u010dno\",\"caption\":\"\",\"description\":\"\",\"meta\":{\"length_formatted\":\"3:28\"},\"dimensions\":{\"original\":{\"width\":320,\"height\":240},\"resized\":{\"width\":618,\"height\":464}},\"image\":{\"src\":\"http:\\\/\\\/fpedas.uniza.sk\\\/~hmi-lab\\\/wp-includes\\\/images\\\/media\\\/video.svg\",\"width\":48,\"height\":64},\"thumb\":{\"src\":\"http:\\\/\\\/fpedas.uniza.sk\\\/~hmi-lab\\\/wp-includes\\\/images\\\/media\\\/video.svg\",\"width\":48,\"height\":64}},{\"src\":\"http:\\\/\\\/fpedas.uniza.sk\\\/~hmi-lab\\\/wp-content\\\/uploads\\\/2019\\\/10\\\/kros-UX-test_x264.mp4\",\"type\":\"video\\\/mp4\",\"title\":\"UX testovanie webovej str\\u00e1nky kros.sk (eyetracking)\",\"caption\":\"\",\"description\":\"\",\"meta\":{\"length_formatted\":\"6:10\"},\"dimensions\":{\"original\":{\"width\":320,\"height\":240},\"resized\":{\"width\":618,\"height\":464}},\"image\":{\"src\":\"http:\\\/\\\/fpedas.uniza.sk\\\/~hmi-lab\\\/wp-includes\\\/images\\\/media\\\/video.svg\",\"width\":48,\"height\":64},\"thumb\":{\"src\":\"http:\\\/\\\/fpedas.uniza.sk\\\/~hmi-lab\\\/wp-includes\\\/images\\\/media\\\/video.svg\",\"width\":48,\"height\":64}},{\"src\":\"http:\\\/\\\/fpedas.uniza.sk\\\/~hmi-lab\\\/wp-content\\\/uploads\\\/2019\\\/10\\\/SimRACE_x264_001.mp4\",\"type\":\"video\\\/mp4\",\"title\":\"Jazda na simul\\u00e1tore SimRACE (eyetracking)\",\"caption\":\"\",\"description\":\"\",\"meta\":{\"length_formatted\":\"1:43\"},\"dimensions\":{\"original\":{\"width\":320,\"height\":240},\"resized\":{\"width\":618,\"height\":464}},\"image\":{\"src\":\"http:\\\/\\\/fpedas.uniza.sk\\\/~hmi-lab\\\/wp-includes\\\/images\\\/media\\\/video.svg\",\"width\":48,\"height\":64},\"thumb\":{\"src\":\"http:\\\/\\\/fpedas.uniza.sk\\\/~hmi-lab\\\/wp-includes\\\/images\\\/media\\\/video.svg\",\"width\":48,\"height\":64}},{\"src\":\"http:\\\/\\\/fpedas.uniza.sk\\\/~hmi-lab\\\/wp-content\\\/uploads\\\/2019\\\/10\\\/eshop_x264.mp4\",\"type\":\"video\\\/mp4\",\"title\":\"Testovanie n\\u00e1kupn\\u00e9ho procesu v eshope (eyetracking)\",\"caption\":\"\",\"description\":\"\",\"meta\":{\"length_formatted\":\"2:11\"},\"dimensions\":{\"original\":{\"width\":320,\"height\":240},\"resized\":{\"width\":618,\"height\":464}},\"image\":{\"src\":\"http:\\\/\\\/fpedas.uniza.sk\\\/~hmi-lab\\\/wp-includes\\\/images\\\/media\\\/video.svg\",\"width\":48,\"height\":64},\"thumb\":{\"src\":\"http:\\\/\\\/fpedas.uniza.sk\\\/~hmi-lab\\\/wp-includes\\\/images\\\/media\\\/video.svg\",\"width\":48,\"height\":64}},{\"src\":\"http:\\\/\\\/fpedas.uniza.sk\\\/~hmi-lab\\\/wp-content\\\/uploads\\\/2019\\\/10\\\/Nemzslis-zaplatis_x264.mp4\",\"type\":\"video\\\/mp4\",\"title\":\"Vplyv reklamy zameranej na bezpe\\u010dnos\\u0165 cestnej dopravy na div\\u00e1ka - (eyetracking)\",\"caption\":\"\",\"description\":\"\",\"meta\":{\"length_formatted\":\"2:28\"},\"dimensions\":{\"original\":{\"width\":320,\"height\":240},\"resized\":{\"width\":618,\"height\":464}},\"image\":{\"src\":\"http:\\\/\\\/fpedas.uniza.sk\\\/~hmi-lab\\\/wp-includes\\\/images\\\/media\\\/video.svg\",\"width\":48,\"height\":64},\"thumb\":{\"src\":\"http:\\\/\\\/fpedas.uniza.sk\\\/~hmi-lab\\\/wp-includes\\\/images\\\/media\\\/video.svg\",\"width\":48,\"height\":64}},{\"src\":\"http:\\\/\\\/fpedas.uniza.sk\\\/~hmi-lab\\\/wp-content\\\/uploads\\\/2019\\\/10\\\/Jazda-v-noci_x264_mpeg4.mp4\",\"type\":\"video\\\/mp4\",\"title\":\"Dopravn\\u00e9 zna\\u010denia po\\u010das no\\u010dnej jazdy (eyetracking)\",\"caption\":\"\",\"description\":\"\",\"meta\":{\"length_formatted\":\"9:29\"},\"dimensions\":{\"original\":{\"width\":320,\"height\":240},\"resized\":{\"width\":618,\"height\":464}},\"image\":{\"src\":\"http:\\\/\\\/fpedas.uniza.sk\\\/~hmi-lab\\\/wp-includes\\\/images\\\/media\\\/video.svg\",\"width\":48,\"height\":64},\"thumb\":{\"src\":\"http:\\\/\\\/fpedas.uniza.sk\\\/~hmi-lab\\\/wp-includes\\\/images\\\/media\\\/video.svg\",\"width\":48,\"height\":64}},{\"src\":\"http:\\\/\\\/fpedas.uniza.sk\\\/~hmi-lab\\\/wp-content\\\/uploads\\\/2019\\\/10\\\/Simul\\u00e1tor-n\\u00e1kladn\\u00e9-vozidlo_x264.mp4\",\"type\":\"video\\\/mp4\",\"title\":\"Vplyv pou\\u017e\\u00edvania mobiln\\u00e9ho telef\\u00f3nu a GPS navig\\u00e1cie na vodi\\u010da (eyetracking)\",\"caption\":\"\",\"description\":\"\",\"meta\":{\"length_formatted\":\"3:50\"},\"dimensions\":{\"original\":{\"width\":320,\"height\":240},\"resized\":{\"width\":618,\"height\":464}},\"image\":{\"src\":\"http:\\\/\\\/fpedas.uniza.sk\\\/~hmi-lab\\\/wp-includes\\\/images\\\/media\\\/video.svg\",\"width\":48,\"height\":64},\"thumb\":{\"src\":\"http:\\\/\\\/fpedas.uniza.sk\\\/~hmi-lab\\\/wp-includes\\\/images\\\/media\\\/video.svg\",\"width\":48,\"height\":64}},{\"src\":\"http:\\\/\\\/fpedas.uniza.sk\\\/~hmi-lab\\\/wp-content\\\/uploads\\\/2019\\\/10\\\/student_x264.mp4\",\"type\":\"video\\\/mp4\",\"title\":\"Zna\\u010dky a ich vplyv na \\u010dloveka (eyetracking)\",\"caption\":\"\",\"description\":\"\",\"meta\":{\"length_formatted\":\"0:20\"},\"dimensions\":{\"original\":{\"width\":320,\"height\":240},\"resized\":{\"width\":618,\"height\":464}},\"image\":{\"src\":\"http:\\\/\\\/fpedas.uniza.sk\\\/~hmi-lab\\\/wp-includes\\\/images\\\/media\\\/video.svg\",\"width\":48,\"height\":64},\"thumb\":{\"src\":\"http:\\\/\\\/fpedas.uniza.sk\\\/~hmi-lab\\\/wp-includes\\\/images\\\/media\\\/video.svg\",\"width\":48,\"height\":64}},{\"src\":\"http:\\\/\\\/fpedas.uniza.sk\\\/~hmi-lab\\\/wp-content\\\/uploads\\\/2019\\\/10\\\/Po-com-muzi-tuzia_x264.mp4\",\"type\":\"video\\\/mp4\",\"title\":\"Po \\u010dom mu\\u017ei t\\u00fa\\u017eia - v\\u00fdber dar\\u010deka na Vianoce (eyetracking)\",\"caption\":\"\",\"description\":\"\",\"meta\":{\"length_formatted\":\"0:30\"},\"dimensions\":{\"original\":{\"width\":320,\"height\":240},\"resized\":{\"width\":618,\"height\":464}},\"image\":{\"src\":\"http:\\\/\\\/fpedas.uniza.sk\\\/~hmi-lab\\\/wp-includes\\\/images\\\/media\\\/video.svg\",\"width\":48,\"height\":64},\"thumb\":{\"src\":\"http:\\\/\\\/fpedas.uniza.sk\\\/~hmi-lab\\\/wp-includes\\\/images\\\/media\\\/video.svg\",\"width\":48,\"height\":64}},{\"src\":\"http:\\\/\\\/fpedas.uniza.sk\\\/~hmi-lab\\\/wp-content\\\/uploads\\\/2019\\\/10\\\/deti-superhrdinovia_x264.mp4\",\"type\":\"video\\\/mp4\",\"title\":\"Superhrdinovia a ich vplyv na deti (eyetracking)\",\"caption\":\"\",\"description\":\"\",\"meta\":{\"length_formatted\":\"1:13\"},\"dimensions\":{\"original\":{\"width\":320,\"height\":240},\"resized\":{\"width\":618,\"height\":464}},\"image\":{\"src\":\"http:\\\/\\\/fpedas.uniza.sk\\\/~hmi-lab\\\/wp-includes\\\/images\\\/media\\\/video.svg\",\"width\":48,\"height\":64},\"thumb\":{\"src\":\"http:\\\/\\\/fpedas.uniza.sk\\\/~hmi-lab\\\/wp-includes\\\/images\\\/media\\\/video.svg\",\"width\":48,\"height\":64}},{\"src\":\"http:\\\/\\\/fpedas.uniza.sk\\\/~hmi-lab\\\/wp-content\\\/uploads\\\/2019\\\/10\\\/test-pozornosti_x264_001.mp4\",\"type\":\"video\\\/mp4\",\"title\":\"Test pozornosti (eyetracking)\",\"caption\":\"\",\"description\":\"\",\"meta\":{\"length_formatted\":\"0:15\"},\"dimensions\":{\"original\":{\"width\":320,\"height\":240},\"resized\":{\"width\":618,\"height\":464}},\"image\":{\"src\":\"http:\\\/\\\/fpedas.uniza.sk\\\/~hmi-lab\\\/wp-includes\\\/images\\\/media\\\/video.svg\",\"width\":48,\"height\":64},\"thumb\":{\"src\":\"http:\\\/\\\/fpedas.uniza.sk\\\/~hmi-lab\\\/wp-includes\\\/images\\\/media\\\/video.svg\",\"width\":48,\"height\":64}},{\"src\":\"http:\\\/\\\/fpedas.uniza.sk\\\/~hmi-lab\\\/wp-content\\\/uploads\\\/2019\\\/10\\\/Vplyv-hudby-na-nakupne-spravanie_x264.mp4\",\"type\":\"video\\\/mp4\",\"title\":\"Vplyv hudby na n\\u00e1kupn\\u00e9 spr\\u00e1vanie (EEG + eyetracking)\",\"caption\":\"\",\"description\":\"\",\"meta\":{\"length_formatted\":\"1:26\"},\"dimensions\":{\"original\":{\"width\":320,\"height\":240},\"resized\":{\"width\":618,\"height\":464}},\"image\":{\"src\":\"http:\\\/\\\/fpedas.uniza.sk\\\/~hmi-lab\\\/wp-includes\\\/images\\\/media\\\/video.svg\",\"width\":48,\"height\":64},\"thumb\":{\"src\":\"http:\\\/\\\/fpedas.uniza.sk\\\/~hmi-lab\\\/wp-includes\\\/images\\\/media\\\/video.svg\",\"width\":48,\"height\":64}},{\"src\":\"http:\\\/\\\/fpedas.uniza.sk\\\/~hmi-lab\\\/wp-content\\\/uploads\\\/2019\\\/10\\\/A-B-testovanie_x264.mp4\",\"type\":\"video\\\/mp4\",\"title\":\"A-B testovanie reklamy (eyetracking)\",\"caption\":\"\",\"description\":\"\",\"meta\":{\"length_formatted\":\"3:58\"},\"dimensions\":{\"original\":{\"width\":320,\"height\":240},\"resized\":{\"width\":618,\"height\":464}},\"image\":{\"src\":\"http:\\\/\\\/fpedas.uniza.sk\\\/~hmi-lab\\\/wp-includes\\\/images\\\/media\\\/video.svg\",\"width\":48,\"height\":64},\"thumb\":{\"src\":\"http:\\\/\\\/fpedas.uniza.sk\\\/~hmi-lab\\\/wp-includes\\\/images\\\/media\\\/video.svg\",\"width\":48,\"height\":64}},{\"src\":\"http:\\\/\\\/fpedas.uniza.sk\\\/~hmi-lab\\\/wp-content\\\/uploads\\\/2019\\\/10\\\/email_x264.mp4\",\"type\":\"video\\\/mp4\",\"title\":\"Testovanie dizajnu emailovej spr\\u00e1vy (eyetracking)\",\"caption\":\"\",\"description\":\"\",\"meta\":{\"length_formatted\":\"1:20\"},\"dimensions\":{\"original\":{\"width\":320,\"height\":240},\"resized\":{\"width\":618,\"height\":464}},\"image\":{\"src\":\"http:\\\/\\\/fpedas.uniza.sk\\\/~hmi-lab\\\/wp-includes\\\/images\\\/media\\\/video.svg\",\"width\":48,\"height\":64},\"thumb\":{\"src\":\"http:\\\/\\\/fpedas.uniza.sk\\\/~hmi-lab\\\/wp-includes\\\/images\\\/media\\\/video.svg\",\"width\":48,\"height\":64}},{\"src\":\"http:\\\/\\\/fpedas.uniza.sk\\\/~hmi-lab\\\/wp-content\\\/uploads\\\/2019\\\/10\\\/reklama_x264.mp4\",\"type\":\"video\\\/mp4\",\"title\":\"Testovanie TV reklamy (eyetracking)\",\"caption\":\"\",\"description\":\"\",\"meta\":{\"length_formatted\":\"0:30\"},\"dimensions\":{\"original\":{\"width\":320,\"height\":240},\"resized\":{\"width\":618,\"height\":464}},\"image\":{\"src\":\"http:\\\/\\\/fpedas.uniza.sk\\\/~hmi-lab\\\/wp-includes\\\/images\\\/media\\\/video.svg\",\"width\":48,\"height\":64},\"thumb\":{\"src\":\"http:\\\/\\\/fpedas.uniza.sk\\\/~hmi-lab\\\/wp-includes\\\/images\\\/media\\\/video.svg\",\"width\":48,\"height\":64}},{\"src\":\"http:\\\/\\\/fpedas.uniza.sk\\\/~hmi-lab\\\/wp-content\\\/uploads\\\/2019\\\/10\\\/Leteck\\u00fd-simul\\u00e1tor_x264.mp4\",\"type\":\"video\\\/mp4\",\"title\":\"Testovanie na leteckom simul\\u00e1tore \\u2013 prist\\u00e1tie (eyetracking)\",\"caption\":\"\",\"description\":\"\",\"meta\":{\"length_formatted\":\"0:31\"},\"dimensions\":{\"original\":{\"width\":320,\"height\":240},\"resized\":{\"width\":618,\"height\":464}},\"image\":{\"src\":\"http:\\\/\\\/fpedas.uniza.sk\\\/~hmi-lab\\\/wp-includes\\\/images\\\/media\\\/video.svg\",\"width\":48,\"height\":64},\"thumb\":{\"src\":\"http:\\\/\\\/fpedas.uniza.sk\\\/~hmi-lab\\\/wp-includes\\\/images\\\/media\\\/video.svg\",\"width\":48,\"height\":64}}]}<\/script>\n<\/div>\n\t\n","protected":false},"excerpt":{"rendered":"","protected":false},"author":1,"featured_media":0,"parent":0,"menu_order":0,"comment_status":"closed","ping_status":"closed","template":"","meta":{"_exactmetrics_skip_tracking":false,"_exactmetrics_sitenote_active":false,"_exactmetrics_sitenote_note":"","_exactmetrics_sitenote_category":0,"footnotes":""},"class_list":["post-62","page","type-page","status-publish","hentry"],"yoast_head":"<!-- This site is optimized with the Yoast SEO plugin v22.9 - https:\/\/yoast.com\/wordpress\/plugins\/seo\/ -->\n<title>Gal\u00e9ria - HMI lab<\/title>\n<meta name=\"description\" content=\"Videogal\u00e9ria experiment\u00e1lnych meran\u00ed s vyu\u017eit\u00edm technol\u00f3gie eyetracking\" class=\"yoast-seo-meta-tag\" \/>\n<meta name=\"robots\" content=\"index, follow, max-snippet:-1, max-image-preview:large, max-video-preview:-1\" \/>\n<link rel=\"canonical\" href=\"https:\/\/fpedas.uniza.sk\/~hmi-lab\/hmi-galeria\/\" class=\"yoast-seo-meta-tag\" \/>\n<meta property=\"og:locale\" content=\"sk_SK\" class=\"yoast-seo-meta-tag\" \/>\n<meta property=\"og:type\" content=\"article\" class=\"yoast-seo-meta-tag\" \/>\n<meta property=\"og:title\" content=\"Gal\u00e9ria - HMI lab\" class=\"yoast-seo-meta-tag\" \/>\n<meta property=\"og:description\" content=\"Videogal\u00e9ria experiment\u00e1lnych meran\u00ed s vyu\u017eit\u00edm technol\u00f3gie eyetracking\" class=\"yoast-seo-meta-tag\" \/>\n<meta property=\"og:url\" content=\"https:\/\/fpedas.uniza.sk\/~hmi-lab\/hmi-galeria\/\" class=\"yoast-seo-meta-tag\" \/>\n<meta property=\"og:site_name\" content=\"HMI lab\" class=\"yoast-seo-meta-tag\" \/>\n<meta property=\"article:modified_time\" content=\"2021-11-03T16:50:18+00:00\" class=\"yoast-seo-meta-tag\" \/>\n<meta name=\"twitter:card\" content=\"summary_large_image\" class=\"yoast-seo-meta-tag\" \/>\n<meta name=\"twitter:label1\" content=\"Predpokladan\u00fd \u010das \u010d\u00edtania\" class=\"yoast-seo-meta-tag\" \/>\n\t<meta name=\"twitter:data1\" content=\"1 min\u00fata\" class=\"yoast-seo-meta-tag\" \/>\n<script type=\"application\/ld+json\" class=\"yoast-schema-graph\">{\"@context\":\"https:\/\/schema.org\",\"@graph\":[{\"@type\":\"WebPage\",\"@id\":\"https:\/\/fpedas.uniza.sk\/~hmi-lab\/hmi-galeria\/\",\"url\":\"https:\/\/fpedas.uniza.sk\/~hmi-lab\/hmi-galeria\/\",\"name\":\"Gal\u00e9ria - HMI lab\",\"isPartOf\":{\"@id\":\"https:\/\/fpedas.uniza.sk\/~hmi-lab\/#website\"},\"datePublished\":\"2018-09-17T08:33:10+00:00\",\"dateModified\":\"2021-11-03T16:50:18+00:00\",\"description\":\"Videogal\u00e9ria experiment\u00e1lnych meran\u00ed s vyu\u017eit\u00edm technol\u00f3gie eyetracking\",\"breadcrumb\":{\"@id\":\"https:\/\/fpedas.uniza.sk\/~hmi-lab\/hmi-galeria\/#breadcrumb\"},\"inLanguage\":\"sk-SK\",\"potentialAction\":[{\"@type\":\"ReadAction\",\"target\":[\"https:\/\/fpedas.uniza.sk\/~hmi-lab\/hmi-galeria\/\"]}]},{\"@type\":\"BreadcrumbList\",\"@id\":\"https:\/\/fpedas.uniza.sk\/~hmi-lab\/hmi-galeria\/#breadcrumb\",\"itemListElement\":[{\"@type\":\"ListItem\",\"position\":1,\"name\":\"Home\",\"item\":\"https:\/\/fpedas.uniza.sk\/~hmi-lab\/\"},{\"@type\":\"ListItem\",\"position\":2,\"name\":\"Gal\u00e9ria\"}]},{\"@type\":\"WebSite\",\"@id\":\"https:\/\/fpedas.uniza.sk\/~hmi-lab\/#website\",\"url\":\"https:\/\/fpedas.uniza.sk\/~hmi-lab\/\",\"name\":\"HMI lab\",\"description\":\"Human-Machine Interaction\",\"potentialAction\":[{\"@type\":\"SearchAction\",\"target\":{\"@type\":\"EntryPoint\",\"urlTemplate\":\"https:\/\/fpedas.uniza.sk\/~hmi-lab\/?s={search_term_string}\"},\"query-input\":\"required name=search_term_string\"}],\"inLanguage\":\"sk-SK\"}]}<\/script>\n<!-- \/ Yoast SEO plugin. -->","yoast_head_json":{"title":"Gal\u00e9ria - HMI lab","description":"Videogal\u00e9ria experiment\u00e1lnych meran\u00ed s vyu\u017eit\u00edm technol\u00f3gie eyetracking","robots":{"index":"index","follow":"follow","max-snippet":"max-snippet:-1","max-image-preview":"max-image-preview:large","max-video-preview":"max-video-preview:-1"},"canonical":"https:\/\/fpedas.uniza.sk\/~hmi-lab\/hmi-galeria\/","og_locale":"sk_SK","og_type":"article","og_title":"Gal\u00e9ria - HMI lab","og_description":"Videogal\u00e9ria experiment\u00e1lnych meran\u00ed s vyu\u017eit\u00edm technol\u00f3gie eyetracking","og_url":"https:\/\/fpedas.uniza.sk\/~hmi-lab\/hmi-galeria\/","og_site_name":"HMI lab","article_modified_time":"2021-11-03T16:50:18+00:00","twitter_card":"summary_large_image","twitter_misc":{"Predpokladan\u00fd \u010das \u010d\u00edtania":"1 min\u00fata"},"schema":{"@context":"https:\/\/schema.org","@graph":[{"@type":"WebPage","@id":"https:\/\/fpedas.uniza.sk\/~hmi-lab\/hmi-galeria\/","url":"https:\/\/fpedas.uniza.sk\/~hmi-lab\/hmi-galeria\/","name":"Gal\u00e9ria - HMI lab","isPartOf":{"@id":"https:\/\/fpedas.uniza.sk\/~hmi-lab\/#website"},"datePublished":"2018-09-17T08:33:10+00:00","dateModified":"2021-11-03T16:50:18+00:00","description":"Videogal\u00e9ria experiment\u00e1lnych meran\u00ed s vyu\u017eit\u00edm technol\u00f3gie eyetracking","breadcrumb":{"@id":"https:\/\/fpedas.uniza.sk\/~hmi-lab\/hmi-galeria\/#breadcrumb"},"inLanguage":"sk-SK","potentialAction":[{"@type":"ReadAction","target":["https:\/\/fpedas.uniza.sk\/~hmi-lab\/hmi-galeria\/"]}]},{"@type":"BreadcrumbList","@id":"https:\/\/fpedas.uniza.sk\/~hmi-lab\/hmi-galeria\/#breadcrumb","itemListElement":[{"@type":"ListItem","position":1,"name":"Home","item":"https:\/\/fpedas.uniza.sk\/~hmi-lab\/"},{"@type":"ListItem","position":2,"name":"Gal\u00e9ria"}]},{"@type":"WebSite","@id":"https:\/\/fpedas.uniza.sk\/~hmi-lab\/#website","url":"https:\/\/fpedas.uniza.sk\/~hmi-lab\/","name":"HMI lab","description":"Human-Machine Interaction","potentialAction":[{"@type":"SearchAction","target":{"@type":"EntryPoint","urlTemplate":"https:\/\/fpedas.uniza.sk\/~hmi-lab\/?s={search_term_string}"},"query-input":"required name=search_term_string"}],"inLanguage":"sk-SK"}]}},"_links":{"self":[{"href":"http:\/\/fpedas.uniza.sk\/~hmi-lab\/wp-json\/wp\/v2\/pages\/62","targetHints":{"allow":["GET"]}}],"collection":[{"href":"http:\/\/fpedas.uniza.sk\/~hmi-lab\/wp-json\/wp\/v2\/pages"}],"about":[{"href":"http:\/\/fpedas.uniza.sk\/~hmi-lab\/wp-json\/wp\/v2\/types\/page"}],"author":[{"embeddable":true,"href":"http:\/\/fpedas.uniza.sk\/~hmi-lab\/wp-json\/wp\/v2\/users\/1"}],"replies":[{"embeddable":true,"href":"http:\/\/fpedas.uniza.sk\/~hmi-lab\/wp-json\/wp\/v2\/comments?post=62"}],"version-history":[{"count":3,"href":"http:\/\/fpedas.uniza.sk\/~hmi-lab\/wp-json\/wp\/v2\/pages\/62\/revisions"}],"predecessor-version":[{"id":366,"href":"http:\/\/fpedas.uniza.sk\/~hmi-lab\/wp-json\/wp\/v2\/pages\/62\/revisions\/366"}],"wp:attachment":[{"href":"http:\/\/fpedas.uniza.sk\/~hmi-lab\/wp-json\/wp\/v2\/media?parent=62"}],"curies":[{"name":"wp","href":"https:\/\/api.w.org\/{rel}","templated":true}]}}