{"id":23,"date":"2014-02-20T18:31:20","date_gmt":"2014-02-20T16:31:20","guid":{"rendered":"http:\/\/fpedas.uniza.sk\/~kpzzu\/abc\/?page_id=23"},"modified":"2021-07-12T22:28:21","modified_gmt":"2021-07-12T20:28:21","slug":"kontakt","status":"publish","type":"page","link":"http:\/\/fpedas.uniza.sk\/~kpzzu\/?page_id=23","title":{"rendered":"Kontakt"},"content":{"rendered":"<p><span style=\"text-decoration: underline;\">Klubov\u0148a KP\u017d\u017dU<\/span><\/p>\n<p>Adresa: \u017dilinsk\u00e1 univerzita v \u017diline, Ubytovacie zariadenie Hliny, blok H8, Ulica Hlinsk\u00e1, \u017dilina, 010 54<\/p>\n<p>Predseda klubu: Jakub Hl\u00e1vka, izba 503, Ubytovacie zariadenie Hliny, blok H8<\/p>\n<p>Email: <a href=\"mailto:kpzzu@fpedas.uniza.sk\"><span style=\"text-decoration: underline;\">kpzzu@fpedas.uniza.sk<\/span><\/a><\/p>\n<p>FB: <a href=\"https:\/\/www.facebook.com\/klubpriatelovzeleznicZU\" target=\"_blank\" rel=\"noopener noreferrer\"><span style=\"text-decoration: underline;\">Klub priate\u013eov \u017eelezn\u00edc pri \u017dilinskej univerzite v \u017diline<\/span><\/a><\/p>\n<p><a href=\"http:\/\/fpedas.uniza.sk\/~kpzzu\/wp-content\/uploads\/2014\/02\/logo-kp\u017e\u017eu.jpg\"><img loading=\"lazy\" class=\"aligncenter wp-image-105 size-medium\" src=\"http:\/\/fpedas.uniza.sk\/~kpzzu\/wp-content\/uploads\/2014\/02\/logo-kp\u017e\u017eu-300x300.jpg\" alt=\"logo kp\u017e\u017eu\" width=\"300\" height=\"300\" srcset=\"http:\/\/fpedas.uniza.sk\/~kpzzu\/wp-content\/uploads\/2014\/02\/logo-kp\u017e\u017eu-300x300.jpg 300w, http:\/\/fpedas.uniza.sk\/~kpzzu\/wp-content\/uploads\/2014\/02\/logo-kp\u017e\u017eu-150x150.jpg 150w, http:\/\/fpedas.uniza.sk\/~kpzzu\/wp-content\/uploads\/2014\/02\/logo-kp\u017e\u017eu.jpg 441w\" sizes=\"(max-width: 300px) 100vw, 300px\" \/><\/a><\/p>\n ","protected":false},"excerpt":{"rendered":"<p>Klubov\u0148a KP\u017d\u017dU Adresa: \u017dilinsk\u00e1 univerzita v \u017diline, Ubytovacie zariadenie Hliny, blok H8, Ulica Hlinsk\u00e1, \u017dilina, 010 54 Predseda klubu: Jakub Hl\u00e1vka, izba 503, Ubytovacie zariadenie Hliny, blok H8 Email: kpzzu@fpedas.uniza.sk FB: Klub priate\u013eov \u017eelezn\u00edc pri \u017dilinskej univerzite v \u017diline<\/p>\n","protected":false},"author":1,"featured_media":0,"parent":0,"menu_order":0,"comment_status":"closed","ping_status":"open","template":"","meta":[],"_links":{"self":[{"href":"http:\/\/fpedas.uniza.sk\/~kpzzu\/index.php?rest_route=\/wp\/v2\/pages\/23"}],"collection":[{"href":"http:\/\/fpedas.uniza.sk\/~kpzzu\/index.php?rest_route=\/wp\/v2\/pages"}],"about":[{"href":"http:\/\/fpedas.uniza.sk\/~kpzzu\/index.php?rest_route=\/wp\/v2\/types\/page"}],"author":[{"embeddable":true,"href":"http:\/\/fpedas.uniza.sk\/~kpzzu\/index.php?rest_route=\/wp\/v2\/users\/1"}],"replies":[{"embeddable":true,"href":"http:\/\/fpedas.uniza.sk\/~kpzzu\/index.php?rest_route=%2Fwp%2Fv2%2Fcomments&post=23"}],"version-history":[{"count":20,"href":"http:\/\/fpedas.uniza.sk\/~kpzzu\/index.php?rest_route=\/wp\/v2\/pages\/23\/revisions"}],"predecessor-version":[{"id":1478,"href":"http:\/\/fpedas.uniza.sk\/~kpzzu\/index.php?rest_route=\/wp\/v2\/pages\/23\/revisions\/1478"}],"wp:attachment":[{"href":"http:\/\/fpedas.uniza.sk\/~kpzzu\/index.php?rest_route=%2Fwp%2Fv2%2Fmedia&parent=23"}],"curies":[{"name":"wp","href":"https:\/\/api.w.org\/{rel}","templated":true}]}}