{"id":70,"date":"2014-08-19T19:32:12","date_gmt":"2014-08-19T17:32:12","guid":{"rendered":"http:\/\/fpedas.uniza.sk\/~kpzzu\/abc\/?page_id=70"},"modified":"2021-07-12T22:59:37","modified_gmt":"2021-07-12T20:59:37","slug":"aktuality","status":"publish","type":"page","link":"http:\/\/fpedas.uniza.sk\/~kpzzu\/","title":{"rendered":"Aktuality"},"content":{"rendered":"<p><!--\n\n\n<div class=\"wood-frame\" style=\"margin-top: 12px;\">\n\n\n<h2><b>Pozv\u00e1nka na jazdu <\/b><\/h2>\n\n\nKlub priate\u013eov \u017eelezn\u00edc pri \u017dilinskej univerzite a \u017delezni\u010dn\u00e9 m\u00fazeum Star\u00e1 Tur\u00e1 V\u00e1s poz\u00fdvaj\u00fa na jazdy mimoriadnych osobn\u00fdch vlakov po trati Zvolen \u2013 \u0160ahy, ktor\u00fa organizuj\u00fa v spolupr\u00e1ci s dopravcom LTE Logistik a Transport Slovakia. Na tejto trati u\u017e viac ako 15 rokov neprem\u00e1vaj\u00fa osobn\u00e9 vlaky. Jazdy sa uskuto\u010dnia v d\u0148och 4.8. a 5.8.2018, pri\u010dom veden\u00fd bude jeden p\u00e1r vlakov v \u00faseku Zvolen \u2013 \u0160ahy (\u201eHontiansky expres\u201c) a jeden p\u00e1r \u0161peci\u00e1lnych vlakov v \u00faseku Zvolen \u2013 Hontianske Nemce (\u201eAtmosf\u00e9ra expres\u201c), ktor\u00e9 s\u00fa ur\u010den\u00e9 najm\u00e4 pre dopravu n\u00e1v\u0161tevn\u00edkov na festival Atmosf\u00e9ra v Hontianskych Nemciach.\n\n<b><a href=\"https:\/\/fpedas.uniza.sk\/~kpzzu\/akcia\/1174-jazda-mimoriadnych-vlakov-na-trati-zvolen-sahy-a-na-festival-atmosfera\/\" target=\"_blank\" rel=\"noopener noreferrer\"> Viac info <\/a><\/b><\/div>\n\n\n--><\/p>\n<div class=\"wood-frame\" style=\"margin-top: 12px;\">\n<h4>Pripravujeme&#8230;<\/h4>\n<h2 class=\"storytitle\">Clock expres &#8211; historick\u00e1 jazda<\/h2>\n<p>Jedn\u00e1 sa o 2-d\u0148ov\u00fa akciu v \u010cR s ru\u0161\u0148om 749.251-5 (Pegas \/ Zamra\u010den\u00e1 \/ Bardotka) a 2 voz\u0148ami radu Balm s mo\u017enos\u0165ou v\u00fd\u010dapu priamo vo vlaku. Za\u010diatok akcie je napl\u00e1novan\u00fd v Z\u00e1b\u0159ehu na Morav\u011b po pr\u00edchode Ex 220 zo \u017diliny (10:41). V\u00fdlet sa p\u00f4vodne mal uskuto\u010dni\u0165 7. &#8211; 8. augusta 2021, av\u0161ak doposia\u013e nebolo prihl\u00e1sen\u00fdch minim\u00e1lny po\u010det os\u00f4b potrebn\u00fdch pre uskuto\u010dnenie akcie (40 \u013eud\u00ed).<\/p>\n<p><b><a href=\"https:\/\/fpedas.uniza.sk\/~kpzzu\/?p=1443\" target=\"_blank\" rel=\"noopener noreferrer\">Pokra\u010dovanie \u010dl\u00e1nku<\/a><\/b><\/p>\n<\/div>\n<div class=\"sticky\" style=\"margin-top: 12px;\">\n<h2>Sch\u00f4dze<\/h2>\n<p style=\"text-align: right;\">\n<p><strong style=\"font-size: inherit; text-align: justify;\">Za be\u017en\u00fdch okolnost\u00ed m\u00e1va klub pravideln\u00e9 sch\u00f4dze ka\u017ed\u00fa stredu po\u010das akademick\u00e9ho roka od 20:00 do 21:00 v klubovni alebo v miestnosti 601 na bloku VIII.<\/strong><\/p>\n<\/div>\n ","protected":false},"excerpt":{"rendered":"<p>Pripravujeme&#8230; Clock expres &#8211; historick\u00e1 jazda Jedn\u00e1 sa o 2-d\u0148ov\u00fa akciu v \u010cR s ru\u0161\u0148om 749.251-5 (Pegas \/ Zamra\u010den\u00e1 \/ Bardotka) a 2 voz\u0148ami radu Balm s mo\u017enos\u0165ou v\u00fd\u010dapu priamo vo vlaku. Za\u010diatok akcie je napl\u00e1novan\u00fd v Z\u00e1b\u0159ehu na Morav\u011b po pr\u00edchode Ex 220 zo \u017diliny (10:41). V\u00fdlet sa p\u00f4vodne mal uskuto\u010dni\u0165 7. &#8211; 8. &hellip; <a class=\"read-excerpt\" href=\"http:\/\/fpedas.uniza.sk\/~kpzzu\/\">Continue reading <span class=\"meta-nav\">&raquo;<\/span><\/a><\/p>\n","protected":false},"author":1,"featured_media":0,"parent":0,"menu_order":0,"comment_status":"closed","ping_status":"closed","template":"","meta":[],"_links":{"self":[{"href":"http:\/\/fpedas.uniza.sk\/~kpzzu\/index.php?rest_route=\/wp\/v2\/pages\/70"}],"collection":[{"href":"http:\/\/fpedas.uniza.sk\/~kpzzu\/index.php?rest_route=\/wp\/v2\/pages"}],"about":[{"href":"http:\/\/fpedas.uniza.sk\/~kpzzu\/index.php?rest_route=\/wp\/v2\/types\/page"}],"author":[{"embeddable":true,"href":"http:\/\/fpedas.uniza.sk\/~kpzzu\/index.php?rest_route=\/wp\/v2\/users\/1"}],"replies":[{"embeddable":true,"href":"http:\/\/fpedas.uniza.sk\/~kpzzu\/index.php?rest_route=%2Fwp%2Fv2%2Fcomments&post=70"}],"version-history":[{"count":103,"href":"http:\/\/fpedas.uniza.sk\/~kpzzu\/index.php?rest_route=\/wp\/v2\/pages\/70\/revisions"}],"predecessor-version":[{"id":1483,"href":"http:\/\/fpedas.uniza.sk\/~kpzzu\/index.php?rest_route=\/wp\/v2\/pages\/70\/revisions\/1483"}],"wp:attachment":[{"href":"http:\/\/fpedas.uniza.sk\/~kpzzu\/index.php?rest_route=%2Fwp%2Fv2%2Fmedia&parent=70"}],"curies":[{"name":"wp","href":"https:\/\/api.w.org\/{rel}","templated":true}]}}