{"id":113,"date":"2021-05-19T15:08:13","date_gmt":"2021-05-19T13:08:13","guid":{"rendered":"https:\/\/fpedas.uniza.sk\/~pumbb\/improve-my-city\/"},"modified":"2021-05-19T17:09:21","modified_gmt":"2021-05-19T15:09:21","slug":"improve-my-city","status":"publish","type":"page","link":"https:\/\/fpedas.uniza.sk\/~pumbb\/improve-my-city\/","title":{"rendered":"Zlep\u0161i mesto"},"content":{"rendered":"\n<p>Na nasledovnom linku pop\u00edsa\u0165 konkr\u00e9tny probl\u00e9m, nahra\u0165 obr\u00e1zok video alebo hlasov\u00fa spr\u00e1vu. Ve\u013ekos\u0165 s\u00faboru max.10MB. Je nutn\u00e9 ma\u0165, ale Gmail.<\/p>\n\n\n\n<p><a href=\"https:\/\/forms.gle\/wB1bh6hh9BmoWGut7\">https:\/\/forms.gle\/wB1bh6hh9BmoWGut7<\/a><\/p>\n<p>Hits: 176<\/p>","protected":false},"excerpt":{"rendered":"<p>Na nasledovnom linku pop\u00edsa\u0165 konkr\u00e9tny probl\u00e9m, nahra\u0165 obr\u00e1zok video alebo hlasov\u00fa spr\u00e1vu. Ve\u013ekos\u0165 s\u00faboru max.10MB. Je nutn\u00e9 ma\u0165, ale Gmail. https:\/\/forms.gle\/wB1bh6hh9BmoWGut7 Hits: 176<\/p>\n","protected":false},"author":0,"featured_media":0,"parent":0,"menu_order":0,"comment_status":"closed","ping_status":"closed","template":"\/templates\/archive-imc_issues.php","meta":{"footnotes":""},"_links":{"self":[{"href":"https:\/\/fpedas.uniza.sk\/~pumbb\/wp-json\/wp\/v2\/pages\/113"}],"collection":[{"href":"https:\/\/fpedas.uniza.sk\/~pumbb\/wp-json\/wp\/v2\/pages"}],"about":[{"href":"https:\/\/fpedas.uniza.sk\/~pumbb\/wp-json\/wp\/v2\/types\/page"}],"replies":[{"embeddable":true,"href":"https:\/\/fpedas.uniza.sk\/~pumbb\/wp-json\/wp\/v2\/comments?post=113"}],"version-history":[{"count":3,"href":"https:\/\/fpedas.uniza.sk\/~pumbb\/wp-json\/wp\/v2\/pages\/113\/revisions"}],"predecessor-version":[{"id":124,"href":"https:\/\/fpedas.uniza.sk\/~pumbb\/wp-json\/wp\/v2\/pages\/113\/revisions\/124"}],"wp:attachment":[{"href":"https:\/\/fpedas.uniza.sk\/~pumbb\/wp-json\/wp\/v2\/media?parent=113"}],"curies":[{"name":"wp","href":"https:\/\/api.w.org\/{rel}","templated":true}]}}