{"id":12,"date":"2021-03-10T08:33:44","date_gmt":"2021-03-10T07:33:44","guid":{"rendered":"https:\/\/fpedas.uniza.sk\/~pumbb\/?page_id=12"},"modified":"2023-04-03T11:44:07","modified_gmt":"2023-04-03T09:44:07","slug":"harmonogram","status":"publish","type":"page","link":"https:\/\/fpedas.uniza.sk\/~pumbb\/harmonogram\/","title":{"rendered":"Harmonogram."},"content":{"rendered":"\n<p>Cel\u00fd proces vypracovania Pl\u00e1nu udr\u017eate\u013enej mobility funk\u010dn\u00e9ho \u00fazemia mesta Bansk\u00e1 Bystrica pozost\u00e1va z 3 hlavn\u00fdch et\u00e1p:<\/p>\n\n\n\n<p>1.etapa. Analytick\u00e1 \u010das\u0165 pozost\u00e1va   z :<\/p>\n\n\n\n<ul>\n<li>anal\u00fdzy s\u00fa\u010dasn\u00e9ho stavu jednotliv\u00fdch druhov dopravy<\/li>\n\n\n\n<li>dopravn\u00fdch prieskumov, <\/li>\n\n\n\n<li>identifik\u00e1cie problematick\u00fdch oblast\u00ed, <\/li>\n\n\n\n<li>vytvorenia dopravn\u00e9ho modelu a progn\u00f3zy v\u00fdvoja v\u00fdh\u013eadov\u00e9ho stavu<\/li>\n<\/ul>\n\n\n\n<p>2. etapa. N\u00e1vrhov\u00e1 \u010das\u0165 obsahuje:<\/p>\n\n\n\n<ul>\n<li>cie\u013eov a oblast\u00ed zmien,<\/li>\n\n\n\n<li>n\u00e1vrh opatren\u00ed ved\u00facich k udr\u017eate\u013enej mobilite.<\/li>\n<\/ul>\n\n\n\n<p>3.etapa pozost\u00e1va zo spracovania Strategick\u00e9ho environment\u00e1lneho pos\u00fadenia (SEA) a stanovenia Pl\u00e1nu implement\u00e1cie a monitoringu Pl\u00e1nu udr\u017eate\u013enej mobility;<\/p>\n\n\n\n<p><\/p>\n\n\n\n<p>\u010casov\u00fd harmonogram spracovania je napl\u00e1novan\u00fd na dva roky, teda 2021-22. Mierne ho ovplyvnila pand\u00e9mia COVID19, kedy nemohli by\u0165 zrealizovan\u00e9 kroky,tak ako boli napl\u00e1novan\u00e9.<\/p>\n\n\n\n<p>Samotn\u00fd harmonogram si m\u00f4\u017eete pozrie\u0165 na nasledovnom obr\u00e1zku:<\/p>\n\n\n\n<p><\/p>\n\n\n\n<figure class=\"wp-block-gallery has-nested-images columns-default is-cropped wp-block-gallery-1 is-layout-flex wp-block-gallery-is-layout-flex\">\n<figure class=\"wp-block-image size-large\"><img loading=\"lazy\" decoding=\"async\" width=\"1476\" height=\"471\" data-id=\"269\" src=\"https:\/\/fpedas.uniza.sk\/~pumbb\/wp-content\/uploads\/2022\/08\/harmonogram3.png\" alt=\"\" class=\"wp-image-269\" srcset=\"https:\/\/fpedas.uniza.sk\/~pumbb\/wp-content\/uploads\/2022\/08\/harmonogram3.png 1476w, https:\/\/fpedas.uniza.sk\/~pumbb\/wp-content\/uploads\/2022\/08\/harmonogram3-300x96.png 300w, https:\/\/fpedas.uniza.sk\/~pumbb\/wp-content\/uploads\/2022\/08\/harmonogram3-1024x327.png 1024w, https:\/\/fpedas.uniza.sk\/~pumbb\/wp-content\/uploads\/2022\/08\/harmonogram3-768x245.png 768w, https:\/\/fpedas.uniza.sk\/~pumbb\/wp-content\/uploads\/2022\/08\/harmonogram3-1200x383.png 1200w\" sizes=\"(max-width: 1476px) 100vw, 1476px\" \/><\/figure>\n<\/figure>\n\n\n\n<p>Spr\u00e1vy o progrese projektu:<\/p>\n\n\n\n<p>1.<a href=\"https:\/\/docs.google.com\/document\/d\/1CsOLz8CK0rV_sPN86gczKDQa6piWnvmehOvCGh0raTQ\/edit?usp=sharing\" data-type=\"URL\" data-id=\"https:\/\/docs.google.com\/document\/d\/1CsOLz8CK0rV_sPN86gczKDQa6piWnvmehOvCGh0raTQ\/edit?usp=sharing\">\u0161tvr\u0165ro\u010dn\u00e1 spr\u00e1va<\/a><\/p>\n\n\n\n<p>2.<a href=\"https:\/\/docs.google.com\/document\/d\/1fK9-W_LEySVvzwqJs1jIs9w-3Robl1Z_TzbOgNM4kXQ\/edit?usp=sharing\" data-type=\"URL\" data-id=\"https:\/\/docs.google.com\/document\/d\/1fK9-W_LEySVvzwqJs1jIs9w-3Robl1Z_TzbOgNM4kXQ\/edit?usp=sharing\">\u0161tvr\u0165ro\u010dn\u00e1 spr\u00e1va<\/a><\/p>\n\n\n\n<p><a href=\"https:\/\/docs.google.com\/document\/d\/1E6mg24idqSJGIdgbABgNmLGLrxMQd4RFGgasee8IPAo\/edit?usp=sharing\" data-type=\"URL\" data-id=\"https:\/\/docs.google.com\/document\/d\/1E6mg24idqSJGIdgbABgNmLGLrxMQd4RFGgasee8IPAo\/edit?usp=sharing\">3.\u0161tvr\u0165ro\u010dn\u00e1 spr\u00e1va<\/a><\/p>\n\n\n\n<p>4.<a href=\"https:\/\/docs.google.com\/document\/d\/1H8p_AyKDsfdoLAKfPzLBv19FlmzgGC8WH6C5M-lRypw\/edit?usp=sharing\">\u0161tvr\u0165ro\u010dn\u00e1 spr\u00e1va<\/a><\/p>\n\n\n\n<p>5.<a href=\"https:\/\/docs.google.com\/document\/d\/13K6LerqqetO_tJRwbsINdespFy7Knp9aftwqMliecP0\/edit?usp=sharing\">\u0161tvr\u0165ro\u010dn\u00e1 spr\u00e1va<\/a><\/p>\n\n\n\n<p>6.<a href=\"https:\/\/docs.google.com\/document\/d\/1RAmQ4MTWTGrOnFxCKH4T-ksvrMzAVczv7pp-R1WLwjQ\/edit?usp=sharing\">\u0161tvr\u0165ro\u010dn\u00e1 spr\u00e1va<\/a><\/p>\n\n\n\n<p>7.<a href=\"https:\/\/docs.google.com\/document\/d\/1RNYiEKeijjJj8LuGIwPxRYHSyobav43U4b2Ku8TCik4\/edit?usp=sharing\">\u0161tvr\u0165ro\u010dn\u00e1 spr\u00e1va<\/a><\/p>\n<p>Hits: 277<\/p>","protected":false},"excerpt":{"rendered":"<p>Cel\u00fd proces vypracovania Pl\u00e1nu udr\u017eate\u013enej mobility funk\u010dn\u00e9ho \u00fazemia mesta Bansk\u00e1 Bystrica pozost\u00e1va z 3 hlavn\u00fdch et\u00e1p: 1.etapa. Analytick\u00e1 \u010das\u0165 pozost\u00e1va z : 2. etapa. N\u00e1vrhov\u00e1 \u010das\u0165 obsahuje: 3.etapa pozost\u00e1va zo spracovania Strategick\u00e9ho environment\u00e1lneho pos\u00fadenia (SEA) a stanovenia Pl\u00e1nu implement\u00e1cie a monitoringu Pl\u00e1nu udr\u017eate\u013enej mobility; \u010casov\u00fd harmonogram spracovania je napl\u00e1novan\u00fd na dva roky, teda 2021-22. Mierne [&hellip;]<\/p>\n","protected":false},"author":1,"featured_media":0,"parent":0,"menu_order":2,"comment_status":"closed","ping_status":"closed","template":"","meta":{"footnotes":""},"_links":{"self":[{"href":"https:\/\/fpedas.uniza.sk\/~pumbb\/wp-json\/wp\/v2\/pages\/12"}],"collection":[{"href":"https:\/\/fpedas.uniza.sk\/~pumbb\/wp-json\/wp\/v2\/pages"}],"about":[{"href":"https:\/\/fpedas.uniza.sk\/~pumbb\/wp-json\/wp\/v2\/types\/page"}],"author":[{"embeddable":true,"href":"https:\/\/fpedas.uniza.sk\/~pumbb\/wp-json\/wp\/v2\/users\/1"}],"replies":[{"embeddable":true,"href":"https:\/\/fpedas.uniza.sk\/~pumbb\/wp-json\/wp\/v2\/comments?post=12"}],"version-history":[{"count":15,"href":"https:\/\/fpedas.uniza.sk\/~pumbb\/wp-json\/wp\/v2\/pages\/12\/revisions"}],"predecessor-version":[{"id":346,"href":"https:\/\/fpedas.uniza.sk\/~pumbb\/wp-json\/wp\/v2\/pages\/12\/revisions\/346"}],"wp:attachment":[{"href":"https:\/\/fpedas.uniza.sk\/~pumbb\/wp-json\/wp\/v2\/media?parent=12"}],"curies":[{"name":"wp","href":"https:\/\/api.w.org\/{rel}","templated":true}]}}