{"id":16,"date":"2021-03-10T08:42:24","date_gmt":"2021-03-10T07:42:24","guid":{"rendered":"https:\/\/fpedas.uniza.sk\/~pumbb\/?page_id=16"},"modified":"2021-05-05T10:01:42","modified_gmt":"2021-05-05T08:01:42","slug":"zapoj-sa","status":"publish","type":"page","link":"https:\/\/fpedas.uniza.sk\/~pumbb\/zapoj-sa\/","title":{"rendered":"Zapoj sa!"},"content":{"rendered":"\n<p>\u010co by ste chceli zlep\u0161i\u0165 v doprave v Banskej Bystrici a okol\u00ed? Ch\u00fdba v\u00e1m parkovacie miesto? Nechod\u00ed k v\u00e1m MHD alebo chod\u00edte po rozbit\u00fdch chodn\u00edkoch? Nem\u00e1te bezpe\u010dn\u00e9 cyklotrasy?<\/p>\n\n\n\n<p>Zapojte sa procesu pripomienkovania s\u00fa\u010dasn\u00e9ho stavu dopravy ako aj mobility.<\/p>\n\n\n\n<p>Ak ste z <strong>mesta Bansk\u00e1 Bystrica<\/strong> pokra\u010dujte na <a href=\"https:\/\/forms.gle\/9GCeKqoZRxWwHHkG6\" data-type=\"URL\" data-id=\"https:\/\/forms.gle\/9GCeKqoZRxWwHHkG6\">tento formul\u00e1r.<\/a><\/p>\n\n\n\n<p>Ak ste z vybran\u00fdch okolit\u00fdch obc\u00ed (<strong>Bad\u00edn, Doln\u00fd Harmanec, Harmanec, Horn\u00e9 Pr\u0161any, Hronsek, Kord\u00edky, Kr\u00e1liky, Kynce\u013eov\u00e1, Malachov, Nemce, Rie\u010dka, Selce, Slovensk\u00e1 \u013dup\u010da, Tajov, \u0160pania Dolina, Vlkanov\u00e1<\/strong>) pokra\u010dujte na <a href=\"https:\/\/forms.gle\/nqXbLzqnUsQZNGj87\">tento formul\u00e1r.<\/a><\/p>\n\n\n\n<p>Va\u0161e podnety a pripomienky bud\u00fa pou\u017eit\u00e9 v procese tvorby Pl\u00e1nu udr\u017eate\u013enej mobility funk\u010dn\u00e9ho \u00fazemia mesta Bansk\u00e1 Bystrica.<\/p>\n<p>Hits: 3117<\/p>","protected":false},"excerpt":{"rendered":"<p>\u010co by ste chceli zlep\u0161i\u0165 v doprave v Banskej Bystrici a okol\u00ed? Ch\u00fdba v\u00e1m parkovacie miesto? Nechod\u00ed k v\u00e1m MHD alebo chod\u00edte po rozbit\u00fdch chodn\u00edkoch? Nem\u00e1te bezpe\u010dn\u00e9 cyklotrasy? Zapojte sa procesu pripomienkovania s\u00fa\u010dasn\u00e9ho stavu dopravy ako aj mobility. Ak ste z mesta Bansk\u00e1 Bystrica pokra\u010dujte na tento formul\u00e1r. Ak ste z vybran\u00fdch okolit\u00fdch obc\u00ed (Bad\u00edn, [&hellip;]<\/p>\n","protected":false},"author":1,"featured_media":0,"parent":0,"menu_order":0,"comment_status":"closed","ping_status":"closed","template":"","meta":{"footnotes":""},"_links":{"self":[{"href":"https:\/\/fpedas.uniza.sk\/~pumbb\/wp-json\/wp\/v2\/pages\/16"}],"collection":[{"href":"https:\/\/fpedas.uniza.sk\/~pumbb\/wp-json\/wp\/v2\/pages"}],"about":[{"href":"https:\/\/fpedas.uniza.sk\/~pumbb\/wp-json\/wp\/v2\/types\/page"}],"author":[{"embeddable":true,"href":"https:\/\/fpedas.uniza.sk\/~pumbb\/wp-json\/wp\/v2\/users\/1"}],"replies":[{"embeddable":true,"href":"https:\/\/fpedas.uniza.sk\/~pumbb\/wp-json\/wp\/v2\/comments?post=16"}],"version-history":[{"count":6,"href":"https:\/\/fpedas.uniza.sk\/~pumbb\/wp-json\/wp\/v2\/pages\/16\/revisions"}],"predecessor-version":[{"id":56,"href":"https:\/\/fpedas.uniza.sk\/~pumbb\/wp-json\/wp\/v2\/pages\/16\/revisions\/56"}],"wp:attachment":[{"href":"https:\/\/fpedas.uniza.sk\/~pumbb\/wp-json\/wp\/v2\/media?parent=16"}],"curies":[{"name":"wp","href":"https:\/\/api.w.org\/{rel}","templated":true}]}}