{"id":18,"date":"2021-03-10T08:43:42","date_gmt":"2021-03-10T07:43:42","guid":{"rendered":"https:\/\/fpedas.uniza.sk\/~pumbb\/?page_id=18"},"modified":"2022-01-19T17:30:48","modified_gmt":"2022-01-19T16:30:48","slug":"kontakt","status":"publish","type":"page","link":"https:\/\/fpedas.uniza.sk\/~pumbb\/kontakt\/","title":{"rendered":"Kontakt"},"content":{"rendered":"\n<p>Spracovate\u013eom je \u017dilinsk\u00e1 univerzita v \u017diline.<\/p>\n\n\n\n<p>kontaktn\u00e1 osoba:<\/p>\n\n\n\n<p>doc.Ing.Mari\u00e1n Gogola,PhD., mail: marian.gogola@fpedas.uniza.sk <\/p>\n\n\n\n<p>Koordin\u00e1tormi projektu PUMM BB za mesto Bansk\u00e1 Bystrica s\u00fa:<\/p>\n\n\n\n<p>Ing. arch.Vladim\u00edr Letovanec, email: vladimir.letovanec@banskabystrica.sk<\/p>\n\n\n\n<p><\/p>\n<p>Hits: 250<\/p>","protected":false},"excerpt":{"rendered":"<p>Spracovate\u013eom je \u017dilinsk\u00e1 univerzita v \u017diline. kontaktn\u00e1 osoba: doc.Ing.Mari\u00e1n Gogola,PhD., mail: marian.gogola@fpedas.uniza.sk Koordin\u00e1tormi projektu PUMM BB za mesto Bansk\u00e1 Bystrica s\u00fa: Ing. arch.Vladim\u00edr Letovanec, email: vladimir.letovanec@banskabystrica.sk Hits: 250<\/p>\n","protected":false},"author":1,"featured_media":0,"parent":0,"menu_order":5,"comment_status":"closed","ping_status":"closed","template":"","meta":{"footnotes":""},"_links":{"self":[{"href":"https:\/\/fpedas.uniza.sk\/~pumbb\/wp-json\/wp\/v2\/pages\/18"}],"collection":[{"href":"https:\/\/fpedas.uniza.sk\/~pumbb\/wp-json\/wp\/v2\/pages"}],"about":[{"href":"https:\/\/fpedas.uniza.sk\/~pumbb\/wp-json\/wp\/v2\/types\/page"}],"author":[{"embeddable":true,"href":"https:\/\/fpedas.uniza.sk\/~pumbb\/wp-json\/wp\/v2\/users\/1"}],"replies":[{"embeddable":true,"href":"https:\/\/fpedas.uniza.sk\/~pumbb\/wp-json\/wp\/v2\/comments?post=18"}],"version-history":[{"count":4,"href":"https:\/\/fpedas.uniza.sk\/~pumbb\/wp-json\/wp\/v2\/pages\/18\/revisions"}],"predecessor-version":[{"id":192,"href":"https:\/\/fpedas.uniza.sk\/~pumbb\/wp-json\/wp\/v2\/pages\/18\/revisions\/192"}],"wp:attachment":[{"href":"https:\/\/fpedas.uniza.sk\/~pumbb\/wp-json\/wp\/v2\/media?parent=18"}],"curies":[{"name":"wp","href":"https:\/\/api.w.org\/{rel}","templated":true}]}}