{"id":219,"date":"2022-07-29T15:43:52","date_gmt":"2022-07-29T13:43:52","guid":{"rendered":"https:\/\/fpedas.uniza.sk\/~pumbb\/?page_id=219"},"modified":"2023-01-25T13:22:18","modified_gmt":"2023-01-25T12:22:18","slug":"dokumenty","status":"publish","type":"page","link":"https:\/\/fpedas.uniza.sk\/~pumbb\/dokumenty\/","title":{"rendered":"Dokumenty"},"content":{"rendered":"\n<p>Tu n\u00e1jdete jednotliv\u00e9 dokumenty, ktor\u00e9 s\u00fa s\u00fa\u010das\u0165ou Pl\u00e1nu udr\u017eate\u013enej mobility funk\u010dn\u00e9ho \u00fazemia krajsk\u00e9ho mesta Bansk\u00e1 Bystrica.<\/p>\n\n\n\n<h2 class=\"wp-block-heading\"><a href=\"https:\/\/drive.google.com\/file\/d\/1gEH_2GuzSkg3I2Z73z-cc8RvlO9cD6fw\/view?usp=share_link\">Anal\u00fdza<\/a><a href=\"https:\/\/drive.google.com\/file\/d\/1WcN1i7GTv5ZoIQRr8vj1A3UNO8JTCU2t\/view?usp=sharing\">.<\/a><a href=\"https:\/\/drive.google.com\/file\/d\/1iDWRiY_sU2i9jifq0uvgV72siJWnHZzY\/view?usp=sharing\"> <\/a>-aktualizovan\u00e9<\/h2>\n\n\n\n<p><a href=\"https:\/\/drive.google.com\/file\/d\/1d5Cuuge0M0O9msjEDd4w7sX33oxv9cLS\/view?usp=share_link\">Pr\u00edlohy k Anal\u00fdze VOD<\/a><\/p>\n\n\n\n<p><a href=\"https:\/\/drive.google.com\/file\/d\/14DWZboo6Hdo8gpi1znIXIqRmlqnDjLhb\/view?usp=share_link\">Zber \u00fadajov. <\/a><\/p>\n\n\n\n<p><a href=\"https:\/\/drive.google.com\/file\/d\/1FqOeL9OvtPAhh04j0oR3oozNReEfMED4\/view?usp=sharing\">Pr\u00edlohy k zberu \u00fadajov<\/a> (<a href=\"https:\/\/drive.google.com\/file\/d\/11XvPlzDE_8-okPMdthXpVH0YeKPV1bqn\/view?usp=share_link\">prieskumy<\/a>)<\/p>\n\n\n\n<p><a href=\"https:\/\/drive.google.com\/file\/d\/1deqO4wkJmoJ1Mb5lJbtAVpgNHpqK-fBA\/view?usp=share_link\">Dopravn\u00fd model<\/a><\/p>\n\n\n\n<p><a href=\"https:\/\/drive.google.com\/file\/d\/1Q50j_o4LFHKsk7piFekFA_QnyNan8RC1\/view?usp=share_link\">Pr\u00edlohy dopravn\u00fd model<\/a><a href=\"https:\/\/drive.google.com\/file\/d\/1yPmBBgBzxsaoXd0Ayt0Yw3Z5vo7orqSK\/view?usp=sharing\">.<\/a><\/p>\n\n\n\n<p><a href=\"https:\/\/drive.google.com\/file\/d\/16phn9y2P9Nnqglj07vsgZ2vkPztZ2NFb\/view?usp=share_link\">Pr\u00edlohy k n\u00e1vrhom VOD<\/a><\/p>\n\n\n\n<h2 class=\"wp-block-heading\"><a href=\"https:\/\/drive.google.com\/file\/d\/1h4zdWSZO6PMhSTQA7zzIp8QWuFUpo62e\/view?usp=share_link\">N\u00e1vrhy.<\/a>-aktualizovan\u00e9 <\/h2>\n\n\n\n<p><a href=\"https:\/\/drive.google.com\/file\/d\/1SEcbHNRh7JQpjZWNExJIUj9xn3gZz3_i\/view?usp=share_link\">Pl\u00e1n dopravnej obslu\u017enosti (zip)<\/a><\/p>\n\n\n\n<p>Pl\u00e1n implement\u00e1cie a monitorovania opatren\u00ed PUM:<\/p>\n\n\n\n<p><a href=\"https:\/\/drive.google.com\/file\/d\/1xQKrmaLalM9Aysa_UWmV-NkOjrNjKyNP\/view?usp=share_link\">tvrd\u00e9 opatrenia,<\/a><\/p>\n\n\n\n<p><a href=\"https:\/\/drive.google.com\/file\/d\/1Yk0vOKHSAFX003iGjIFcnbtCqQ05XmKi\/view?usp=share_link\">m\u00e4kk\u00e9 opatrenia<\/a><\/p>\n\n\n\n<p><a href=\"https:\/\/drive.google.com\/file\/d\/1Gl5_p1e4sOhTNw0H-5KlD19jmwxO1f1k\/view?usp=share_link\">Z\u00e1sobn\u00edk opatren\u00ed<\/a><\/p>\n\n\n\n<p><a href=\"https:\/\/drive.google.com\/file\/d\/1wCbDnf9vcZ07NDAcMJDT7rOd6abbKuZi\/view?usp=share_link\">Indik\u00e1tory<\/a><\/p>\n\n\n\n<p><\/p>\n\n\n\n<p><strong>SEA:<\/strong><\/p>\n\n\n\n<p><a href=\"https:\/\/www.enviroportal.sk\/sk\/eia\/detail\/plan-udrzatelnej-mobility-funkcneho-uzemia-krajskeho-mesta-banska-byst\">Rozhodnutie SEA.<\/a><\/p>\n<p>Hits: 1442<\/p>","protected":false},"excerpt":{"rendered":"<p>Tu n\u00e1jdete jednotliv\u00e9 dokumenty, ktor\u00e9 s\u00fa s\u00fa\u010das\u0165ou Pl\u00e1nu udr\u017eate\u013enej mobility funk\u010dn\u00e9ho \u00fazemia krajsk\u00e9ho mesta Bansk\u00e1 Bystrica. Anal\u00fdza. -aktualizovan\u00e9 Pr\u00edlohy k Anal\u00fdze VOD Zber \u00fadajov. Pr\u00edlohy k zberu \u00fadajov (prieskumy) Dopravn\u00fd model Pr\u00edlohy dopravn\u00fd model. Pr\u00edlohy k n\u00e1vrhom VOD N\u00e1vrhy.-aktualizovan\u00e9 Pl\u00e1n dopravnej obslu\u017enosti (zip) Pl\u00e1n implement\u00e1cie a monitorovania opatren\u00ed PUM: tvrd\u00e9 opatrenia, m\u00e4kk\u00e9 opatrenia Z\u00e1sobn\u00edk opatren\u00ed [&hellip;]<\/p>\n","protected":false},"author":1,"featured_media":0,"parent":0,"menu_order":0,"comment_status":"closed","ping_status":"closed","template":"","meta":{"footnotes":""},"_links":{"self":[{"href":"https:\/\/fpedas.uniza.sk\/~pumbb\/wp-json\/wp\/v2\/pages\/219"}],"collection":[{"href":"https:\/\/fpedas.uniza.sk\/~pumbb\/wp-json\/wp\/v2\/pages"}],"about":[{"href":"https:\/\/fpedas.uniza.sk\/~pumbb\/wp-json\/wp\/v2\/types\/page"}],"author":[{"embeddable":true,"href":"https:\/\/fpedas.uniza.sk\/~pumbb\/wp-json\/wp\/v2\/users\/1"}],"replies":[{"embeddable":true,"href":"https:\/\/fpedas.uniza.sk\/~pumbb\/wp-json\/wp\/v2\/comments?post=219"}],"version-history":[{"count":50,"href":"https:\/\/fpedas.uniza.sk\/~pumbb\/wp-json\/wp\/v2\/pages\/219\/revisions"}],"predecessor-version":[{"id":343,"href":"https:\/\/fpedas.uniza.sk\/~pumbb\/wp-json\/wp\/v2\/pages\/219\/revisions\/343"}],"wp:attachment":[{"href":"https:\/\/fpedas.uniza.sk\/~pumbb\/wp-json\/wp\/v2\/media?parent=219"}],"curies":[{"name":"wp","href":"https:\/\/api.w.org\/{rel}","templated":true}]}}