{"id":7,"date":"2021-03-10T08:26:50","date_gmt":"2021-03-10T07:26:50","guid":{"rendered":"https:\/\/fpedas.uniza.sk\/~pumbb\/?page_id=7"},"modified":"2021-05-19T17:05:24","modified_gmt":"2021-05-19T15:05:24","slug":"co-je-to-pum","status":"publish","type":"page","link":"https:\/\/fpedas.uniza.sk\/~pumbb\/co-je-to-pum\/","title":{"rendered":"\u010co je to PUM?"},"content":{"rendered":"\n<p>Pl\u00e1n udr\u017eate\u013enej mestskej mobility je <a href=\"https:\/\/www.eltis.org\/sites\/default\/files\/sump_guidelines_2019_interactive_document_1.pdf\">strategick\u00fd pl\u00e1n<\/a>, ktor\u00fd m\u00e1 pom\u00f4c\u0165 dan\u00e9mu mestu alebo oblasti napl\u00e1nova\u0165 opatrenia, ktor\u00e9 poved\u00fa k udr\u017eate\u013enej mobilite.<\/p>\n\n\n\n<p>O\u010dak\u00e1van\u00e9 ciele PUM:<\/p>\n\n\n\n<ol><li>N\u00e1vrh efekt\u00edvneho a udr\u017eate\u013en\u00e9ho dopravn\u00e9ho syst\u00e9mu,<\/li><li>Rie\u0161ene problematiky nedostato\u010dnej kapacity pl\u00f4ch statickej dopravy najm\u00e4 na s\u00eddlisk\u00e1ch<br>s oh\u013eadom na trvaloudr\u017eate\u013en\u00fd rozvoj a kvalitu \u017eivotn\u00e9ho prostredia (mo\u017enosti zn\u00ed\u017eenia dopytu po odstavn\u00fdch ploch\u00e1ch, resp. ich<br>racion\u00e1lne roz\u0161\u00edrenie)<\/li><li>Elimin\u00e1cia kongesci\u00ed a zv\u00fd\u0161enie plynulosti dopravn\u00e9ho pohybu<\/li><li>Zn\u00ed\u017eenie nehodovosti<\/li><li>Zlep\u0161enie kvality verejn\u00fdch priestorov<\/li><li>Zlep\u0161enie \u017eivota obyvate\u013estva<\/li><li>Skr\u00e1tenie cestovn\u00e9ho \u010dasu VHD a d\u013a\u017eky j\u00e1zd<\/li><li>N\u00e1vrh integrovan\u00e9ho syst\u00e9mu pr\u00edmestskej dopravy a n\u00e1vrh syst\u00e9mu park &amp; ride<\/li><li>Zn\u00ed\u017eenie emisi\u00ed z dopravy<\/li><li>V r\u00e1mci de\u013eby prepravne pr\u00e1ce vytvori\u0165 podmienky pre zv\u00fd\u0161enie podielu nemotorovej dopravy<br>a VOD<\/li><\/ol>\n\n\n\n<p>Z\u00e1sadnou \u010drtou pri vypracov\u00e1van\u00ed strategick\u00e9ho dokumentu je particip\u00e1cia \u0161irokej ako aj odbornej verejnosti. Celkov\u00fd proces je rozlo\u017een\u00fd do 4 z\u00e1kladn\u00fdch et\u00e1p.<\/p>\n\n\n\n<div class=\"wp-block-image\"><figure class=\"aligncenter size-large\"><img loading=\"lazy\" decoding=\"async\" width=\"495\" height=\"394\" src=\"https:\/\/fpedas.uniza.sk\/~pumbb\/wp-content\/uploads\/2021\/03\/proces.png\" alt=\"\" class=\"wp-image-29\" srcset=\"https:\/\/fpedas.uniza.sk\/~pumbb\/wp-content\/uploads\/2021\/03\/proces.png 495w, https:\/\/fpedas.uniza.sk\/~pumbb\/wp-content\/uploads\/2021\/03\/proces-300x239.png 300w\" sizes=\"(max-width: 495px) 100vw, 495px\" \/><figcaption>Proces tvorby Pl\u00e1nu udr\u017eate\u013enej mobility<\/figcaption><\/figure><\/div>\n\n\n\n<p>Detailnej\u0161ie bude PUM pozost\u00e1va\u0165 z viacer\u00fdch podprocesov a akci\u00ed.<\/p>\n\n\n\n<div class=\"wp-block-image\"><figure class=\"aligncenter size-large\"><img loading=\"lazy\" decoding=\"async\" width=\"761\" height=\"525\" src=\"https:\/\/fpedas.uniza.sk\/~pumbb\/wp-content\/uploads\/2021\/05\/procesSUMP.png\" alt=\"Proces tvorby pl\u00e1nu PUM\" class=\"wp-image-99\" srcset=\"https:\/\/fpedas.uniza.sk\/~pumbb\/wp-content\/uploads\/2021\/05\/procesSUMP.png 761w, https:\/\/fpedas.uniza.sk\/~pumbb\/wp-content\/uploads\/2021\/05\/procesSUMP-300x207.png 300w\" sizes=\"(max-width: 761px) 100vw, 761px\" \/><figcaption>Procesy v r\u00e1mci jednotliv\u00fdch krokoch v PUM<\/figcaption><\/figure><\/div>\n\n\n\n<p>Pracovn\u00e9 skupiny<\/p>\n\n\n\n<p>Tu m\u00f4\u017eete n\u00e1js\u0165 prezent\u00e1ciu z \u00favodn\u00e9ho stretnutia pracovn\u00fdch skup\u00edn:<\/p>\n\n\n\n<div class=\"wp-block-file\"><a href=\"https:\/\/fpedas.uniza.sk\/~pumbb\/wp-content\/uploads\/2021\/05\/PUMM-FU-BB.pdf\">\u00davodn\u00e1 prezent\u00e1cia pracovn\u00fdch skup\u00edn PUMM-FU-BB<\/a><a href=\"https:\/\/fpedas.uniza.sk\/~pumbb\/wp-content\/uploads\/2021\/05\/PUMM-FU-BB.pdf\" class=\"wp-block-file__button\" download>Stiahnu\u0165<\/a><\/div>\n<p>Hits: 501<\/p>","protected":false},"excerpt":{"rendered":"<p>Pl\u00e1n udr\u017eate\u013enej mestskej mobility je strategick\u00fd pl\u00e1n, ktor\u00fd m\u00e1 pom\u00f4c\u0165 dan\u00e9mu mestu alebo oblasti napl\u00e1nova\u0165 opatrenia, ktor\u00e9 poved\u00fa k udr\u017eate\u013enej mobilite. O\u010dak\u00e1van\u00e9 ciele PUM: N\u00e1vrh efekt\u00edvneho a udr\u017eate\u013en\u00e9ho dopravn\u00e9ho syst\u00e9mu, Rie\u0161ene problematiky nedostato\u010dnej kapacity pl\u00f4ch statickej dopravy najm\u00e4 na s\u00eddlisk\u00e1chs oh\u013eadom na trvaloudr\u017eate\u013en\u00fd rozvoj a kvalitu \u017eivotn\u00e9ho prostredia (mo\u017enosti zn\u00ed\u017eenia dopytu po odstavn\u00fdch ploch\u00e1ch, resp. [&hellip;]<\/p>\n","protected":false},"author":1,"featured_media":0,"parent":0,"menu_order":1,"comment_status":"closed","ping_status":"closed","template":"","meta":{"footnotes":""},"_links":{"self":[{"href":"https:\/\/fpedas.uniza.sk\/~pumbb\/wp-json\/wp\/v2\/pages\/7"}],"collection":[{"href":"https:\/\/fpedas.uniza.sk\/~pumbb\/wp-json\/wp\/v2\/pages"}],"about":[{"href":"https:\/\/fpedas.uniza.sk\/~pumbb\/wp-json\/wp\/v2\/types\/page"}],"author":[{"embeddable":true,"href":"https:\/\/fpedas.uniza.sk\/~pumbb\/wp-json\/wp\/v2\/users\/1"}],"replies":[{"embeddable":true,"href":"https:\/\/fpedas.uniza.sk\/~pumbb\/wp-json\/wp\/v2\/comments?post=7"}],"version-history":[{"count":9,"href":"https:\/\/fpedas.uniza.sk\/~pumbb\/wp-json\/wp\/v2\/pages\/7\/revisions"}],"predecessor-version":[{"id":122,"href":"https:\/\/fpedas.uniza.sk\/~pumbb\/wp-json\/wp\/v2\/pages\/7\/revisions\/122"}],"wp:attachment":[{"href":"https:\/\/fpedas.uniza.sk\/~pumbb\/wp-json\/wp\/v2\/media?parent=7"}],"curies":[{"name":"wp","href":"https:\/\/api.w.org\/{rel}","templated":true}]}}